{"id":1002,"date":"2024-07-04T06:44:30","date_gmt":"2024-07-04T06:44:30","guid":{"rendered":"https:\/\/steiger.media\/?page_id=1002"},"modified":"2024-08-22T09:39:04","modified_gmt":"2024-08-22T09:39:04","slug":"speedtest2407","status":"publish","type":"page","link":"https:\/\/steiger.media\/en\/news\/speedtest2407\/","title":{"rendered":"Google Speed Test"},"content":{"rendered":"\n<p><strong>Die Illusion des Google Speed Tests<\/strong><\/p>\n\n\n\n<p>Page Speed (die Ladezeit einer Seite) ist heutzutage eine der wichtigsten SEO-Metriken. Mit anderen Worten, schnelle Seiten erhalten mehr Besucher \u00fcber Google. Aus diesem Grund testen Website-Entwickler st\u00e4ndig ihre Seiten mit dem Speed-Tester-Tool von Google (https:\/\/pagespeed.web.dev\/) und versuchen, schlechte Ladezeiten zu verbessern. Das Problem: Der PageSpeed-Test ist nur ein Simulationstool, das nicht den Messwerten von Google oder Bing entspricht. Google misst die Werte in Echtzeit \u00fcber den Chrome-Browser. <\/p>\n\n\n\n<figure class=\"wp-block-image size-large\"><img fetchpriority=\"high\" decoding=\"async\" width=\"1024\" height=\"1024\" loading=\"lazy\" src=\"https:\/\/steiger.media\/wp-content\/uploads\/2024\/07\/2024.07.04-adobe-speedtest-1024x1024.webp\" alt=\"\" class=\"wp-image-1004\" srcset=\"https:\/\/steiger.media\/wp-content\/uploads\/2024\/07\/2024.07.04-adobe-speedtest-1024x1024.webp 1024w, https:\/\/steiger.media\/wp-content\/uploads\/2024\/07\/2024.07.04-adobe-speedtest-300x300.webp 300w, https:\/\/steiger.media\/wp-content\/uploads\/2024\/07\/2024.07.04-adobe-speedtest-150x150.webp 150w, https:\/\/steiger.media\/wp-content\/uploads\/2024\/07\/2024.07.04-adobe-speedtest-768x768.webp 768w, https:\/\/steiger.media\/wp-content\/uploads\/2024\/07\/2024.07.04-adobe-speedtest-12x12.webp 12w, https:\/\/steiger.media\/wp-content\/uploads\/2024\/07\/2024.07.04-adobe-speedtest.webp 1200w\" sizes=\"(max-width: 1024px) 100vw, 1024px\" \/><\/figure>\n\n\n\n<p>Es ist zwar m\u00f6glich, mit Tricks im PageSpeed-Test Top-Ergebnisse zu erzielen, in der Realit\u00e4t werden diese Tricks von Google jedoch nicht erkannt. Der Websitebesitzer glaubt also, eine Seite zu haben, die als \u201eschnell\u201c eingestuft wird, w\u00e4hrend Google die Seite als \u201elangsam\u201c abstuft. Der meistgenutzte Trick ist eine Ladeverz\u00f6gerung mithilfe des Cookie-Banners: Die Seite l\u00e4dt erst, nachdem die Nutzer:innen auf das Cookie-Banner geklickt haben (zustimmen oder ablehnen). Diese Ladeverz\u00f6gerung wird vom SpeedTest-Tool nicht registriert, der Test wird nach wenigen Sekunden erfolgreich abgebrochen und die Seite erh\u00e4lt das bestm\u00f6gliche Testergebnis. In der Realit\u00e4t misst Google jedoch kontinuierlich die Ladezeit der Seite w\u00e4hrend der gesamten Navigation.<\/p>\n\n\n\n<script type=\"application\/ld+json\">\n{\n  \"@context\": \"https:\/\/schema.org\/\",\n  \"@type\": \"BlogPosting\",\n  \"mainEntityOfPage\": {\n    \"@type\": \"WebPage\",\n    \"@id\": \"https:\/\/steiger.media\/news\/speedtest2407\/\"\n  },\n  \"headline\": \"Die Illusion des Google Speed Tests\",\n  \"description\": \"Page Speed (die Ladezeit einer Seite) ist heutzutage eine der wichtigsten SEO-Metriken. Mit anderen Worten, schnelle Seiten erhalten mehr Besucher \u00fcber Google. Aus diesem Grund testen Website-Entwickler st\u00e4ndig ihre Seiten mit dem Speed-Tester-Tool von Google (https:\/\/pagespeed.web.dev\/) und versuchen, schlechte Ladezeiten zu verbessern. Das Problem: Der PageSpeed-Test ist nur ein Simulationstool, das nicht den Messwerten von Google oder Bing entspricht.\",\n  \"image\": {\n    \"@type\": \"ImageObject\",\n    \"url\": \"\",\n    \"width\": \"\",\n    \"height\": \"\"\n  },\n  \"author\": {\n    \"@type\": \"Person\",\n    \"name\": \"Felix C. Richter\"\n  },\n  \"publisher\": {\n    \"@type\": \"Organization\",\n    \"name\": \"Steiger Art & Media\",\n    \"logo\": {\n      \"@type\": \"ImageObject\",\n      \"url\": \"https:\/\/steiger.media\/wp-content\/uploads\/2024\/06\/logo2-1.png\",\n      \"width\": \"512\",\n      \"height\": \"512\"\n    }\n  },\n  \"datePublished\": \"2024.07.22\"\n}\n<\/script>\n\n\n\n<script type=\"application\/ld+json\">\n{\n  \"@context\": \"https:\/\/schema.org\",\n  \"@type\": \"FAQPage\",\n  \"mainEntity\": [{\n    \"@type\": \"Question\",\n    \"name\": \"Ist PageSpeed - die Ladezeit einer Webseite - wichtig f\u00fcr Google?\",\n    \"acceptedAnswer\": {\n      \"@type\": \"Answer\",\n      \"text\": \"Page Speed (die Ladezeit einer Seite) ist heutzutage eine der wichtigsten SEO-Metriken. Mit anderen Worten, schnelle Seiten erhalten mehr Besucher \u00fcber Google.\"\n    }\n  },{\n    \"@type\": \"Question\",\n    \"name\": \"Entspricht der Page-Speed-Test von Google der echten Ladezeiten?\",\n    \"acceptedAnswer\": {\n      \"@type\": \"Answer\",\n      \"text\": \"Der PageSpeed-Test ist nur ein Simulationstool, das nicht den Messwerten von Google oder Bing entspricht. Google misst die Werte in Echtzeit \u00fcber den Chrome-Browser.\"\n    }\n  },{\n    \"@type\": \"Question\",\n    \"name\": \"Kann man PageSpeed-Messungen austricksen?\",\n    \"acceptedAnswer\": {\n      \"@type\": \"Answer\",\n      \"text\": \"Die kurze Antwort ist nein. Es ist zwar m\u00f6glich, mit Tricks im PageSpeed-Test Top-Ergebnisse zu erzielen, in der Realit\u00e4t werden diese Tricks von Google jedoch nicht erkannt. Der Websitebesitzer glaubt also, eine Seite zu haben, die als \u201eschnell\u201c eingestuft wird, w\u00e4hrend Google die Seite als \u201elangsam\u201c abstuft.\"\n    }\n  }]\n}\n<\/script>\n","protected":false},"excerpt":{"rendered":"<p>Die Illusion des Google Speed Tests Page Speed (die Ladezeit einer Seite) ist heutzutage eine der wichtigsten SEO-Metriken. Mit anderen Worten, schnelle Seiten erhalten mehr Besucher \u00fcber Google. Aus diesem Grund testen Website-Entwickler st\u00e4ndig ihre Seiten mit dem Speed-Tester-Tool von Google (https:\/\/pagespeed.web.dev\/) und versuchen, schlechte Ladezeiten zu verbessern. Das Problem: Der PageSpeed-Test ist nur ein [&hellip;]<\/p>\n","protected":false},"author":1,"featured_media":0,"parent":998,"menu_order":0,"comment_status":"closed","ping_status":"closed","template":"","meta":{"footnotes":""},"class_list":["post-1002","page","type-page","status-publish","hentry"],"yoast_head":"<!-- This site is optimized with the Yoast SEO plugin v27.5 - https:\/\/yoast.com\/product\/yoast-seo-wordpress\/ -->\n<title>Die Illusion des Google Speed Tests<\/title>\n<meta name=\"description\" content=\"Es ist m\u00f6glich, mit Tricks im PageSpeed-Test Top-Ergebnisse zu erzielen, in der Realit\u00e4t werden diese Tricks von Google jedoch nicht erkannt.\" \/>\n<meta name=\"robots\" content=\"index, follow, max-snippet:-1, max-image-preview:large, max-video-preview:-1\" \/>\n<link rel=\"canonical\" href=\"https:\/\/steiger.media\/en\/news\/speedtest2407\/\" \/>\n<meta property=\"og:locale\" content=\"en_US\" \/>\n<meta property=\"og:type\" content=\"article\" \/>\n<meta property=\"og:title\" content=\"Google Speed Test\" \/>\n<meta property=\"og:description\" content=\"die Illusion\" \/>\n<meta property=\"og:url\" content=\"https:\/\/steiger.media\/en\/news\/speedtest2407\/\" \/>\n<meta property=\"og:site_name\" content=\"Steiger Art &amp; Media\" \/>\n<meta property=\"article:modified_time\" content=\"2024-08-22T09:39:04+00:00\" \/>\n<meta property=\"og:image\" content=\"https:\/\/steiger.media\/wp-content\/uploads\/2024\/07\/og-2024.07.04-adobe-speedtest.webp\" \/>\n\t<meta property=\"og:image:width\" content=\"1200\" \/>\n\t<meta property=\"og:image:height\" content=\"630\" \/>\n\t<meta property=\"og:image:type\" content=\"image\/webp\" \/>\n<meta name=\"twitter:card\" content=\"summary_large_image\" \/>\n<meta name=\"twitter:label1\" content=\"Est. reading time\" \/>\n\t<meta name=\"twitter:data1\" content=\"2 minutes\" \/>\n<script type=\"application\/ld+json\" class=\"yoast-schema-graph\">{\"@context\":\"https:\\\/\\\/schema.org\",\"@graph\":[{\"@type\":\"WebPage\",\"@id\":\"https:\\\/\\\/steiger.media\\\/news\\\/speedtest2407\\\/\",\"url\":\"https:\\\/\\\/steiger.media\\\/news\\\/speedtest2407\\\/\",\"name\":\"Die Illusion des Google Speed Tests\",\"isPartOf\":{\"@id\":\"https:\\\/\\\/steiger.media\\\/#website\"},\"primaryImageOfPage\":{\"@id\":\"https:\\\/\\\/steiger.media\\\/news\\\/speedtest2407\\\/#primaryimage\"},\"image\":{\"@id\":\"https:\\\/\\\/steiger.media\\\/news\\\/speedtest2407\\\/#primaryimage\"},\"thumbnailUrl\":\"https:\\\/\\\/steiger.media\\\/wp-content\\\/uploads\\\/2024\\\/07\\\/2024.07.04-adobe-speedtest-1024x1024.webp\",\"datePublished\":\"2024-07-04T06:44:30+00:00\",\"dateModified\":\"2024-08-22T09:39:04+00:00\",\"description\":\"Es ist m\u00f6glich, mit Tricks im PageSpeed-Test Top-Ergebnisse zu erzielen, in der Realit\u00e4t werden diese Tricks von Google jedoch nicht erkannt.\",\"breadcrumb\":{\"@id\":\"https:\\\/\\\/steiger.media\\\/news\\\/speedtest2407\\\/#breadcrumb\"},\"inLanguage\":\"en-US\",\"potentialAction\":[{\"@type\":\"ReadAction\",\"target\":[\"https:\\\/\\\/steiger.media\\\/news\\\/speedtest2407\\\/\"]}]},{\"@type\":\"ImageObject\",\"inLanguage\":\"en-US\",\"@id\":\"https:\\\/\\\/steiger.media\\\/news\\\/speedtest2407\\\/#primaryimage\",\"url\":\"https:\\\/\\\/steiger.media\\\/wp-content\\\/uploads\\\/2024\\\/07\\\/2024.07.04-adobe-speedtest-1024x1024.webp\",\"contentUrl\":\"https:\\\/\\\/steiger.media\\\/wp-content\\\/uploads\\\/2024\\\/07\\\/2024.07.04-adobe-speedtest-1024x1024.webp\"},{\"@type\":\"BreadcrumbList\",\"@id\":\"https:\\\/\\\/steiger.media\\\/news\\\/speedtest2407\\\/#breadcrumb\",\"itemListElement\":[{\"@type\":\"ListItem\",\"position\":1,\"name\":\"Home\",\"item\":\"https:\\\/\\\/steiger.media\\\/\"},{\"@type\":\"ListItem\",\"position\":2,\"name\":\"Digital Marketing News\",\"item\":\"https:\\\/\\\/steiger.media\\\/news\\\/\"},{\"@type\":\"ListItem\",\"position\":3,\"name\":\"Google Speed Test\"}]},{\"@type\":\"WebSite\",\"@id\":\"https:\\\/\\\/steiger.media\\\/#website\",\"url\":\"https:\\\/\\\/steiger.media\\\/\",\"name\":\"Steiger Art & Media\",\"description\":\"\",\"publisher\":{\"@id\":\"https:\\\/\\\/steiger.media\\\/#organization\"},\"potentialAction\":[{\"@type\":\"SearchAction\",\"target\":{\"@type\":\"EntryPoint\",\"urlTemplate\":\"https:\\\/\\\/steiger.media\\\/?s={search_term_string}\"},\"query-input\":{\"@type\":\"PropertyValueSpecification\",\"valueRequired\":true,\"valueName\":\"search_term_string\"}}],\"inLanguage\":\"en-US\"},{\"@type\":\"Organization\",\"@id\":\"https:\\\/\\\/steiger.media\\\/#organization\",\"name\":\"Steiger Art & Media\",\"url\":\"https:\\\/\\\/steiger.media\\\/\",\"logo\":{\"@type\":\"ImageObject\",\"inLanguage\":\"en-US\",\"@id\":\"https:\\\/\\\/steiger.media\\\/#\\\/schema\\\/logo\\\/image\\\/\",\"url\":\"https:\\\/\\\/steiger.media\\\/wp-content\\\/uploads\\\/2024\\\/06\\\/cropped-logo4.png\",\"contentUrl\":\"https:\\\/\\\/steiger.media\\\/wp-content\\\/uploads\\\/2024\\\/06\\\/cropped-logo4.png\",\"width\":173,\"height\":65,\"caption\":\"Steiger Art & Media\"},\"image\":{\"@id\":\"https:\\\/\\\/steiger.media\\\/#\\\/schema\\\/logo\\\/image\\\/\"}}]}<\/script>\n<!-- \/ Yoast SEO plugin. -->","yoast_head_json":{"title":"The illusion of the Google Speed Test","description":"It is possible to achieve top results in the PageSpeed test using tricks, but in reality, Google does not detect these tricks.","robots":{"index":"index","follow":"follow","max-snippet":"max-snippet:-1","max-image-preview":"max-image-preview:large","max-video-preview":"max-video-preview:-1"},"canonical":"https:\/\/steiger.media\/en\/news\/speedtest2407\/","og_locale":"en_US","og_type":"article","og_title":"Google Speed Test","og_description":"die Illusion","og_url":"https:\/\/steiger.media\/en\/news\/speedtest2407\/","og_site_name":"Steiger Art &amp; Media","article_modified_time":"2024-08-22T09:39:04+00:00","og_image":[{"width":1200,"height":630,"url":"https:\/\/steiger.media\/wp-content\/uploads\/2024\/07\/og-2024.07.04-adobe-speedtest.webp","type":"image\/webp"}],"twitter_card":"summary_large_image","twitter_misc":{"Est. reading time":"2 minutes"},"schema":{"@context":"https:\/\/schema.org","@graph":[{"@type":"WebPage","@id":"https:\/\/steiger.media\/news\/speedtest2407\/","url":"https:\/\/steiger.media\/news\/speedtest2407\/","name":"The illusion of the Google Speed Test","isPartOf":{"@id":"https:\/\/steiger.media\/#website"},"primaryImageOfPage":{"@id":"https:\/\/steiger.media\/news\/speedtest2407\/#primaryimage"},"image":{"@id":"https:\/\/steiger.media\/news\/speedtest2407\/#primaryimage"},"thumbnailUrl":"https:\/\/steiger.media\/wp-content\/uploads\/2024\/07\/2024.07.04-adobe-speedtest-1024x1024.webp","datePublished":"2024-07-04T06:44:30+00:00","dateModified":"2024-08-22T09:39:04+00:00","description":"It is possible to achieve top results in the PageSpeed test using tricks, but in reality, Google does not detect these tricks.","breadcrumb":{"@id":"https:\/\/steiger.media\/news\/speedtest2407\/#breadcrumb"},"inLanguage":"en-US","potentialAction":[{"@type":"ReadAction","target":["https:\/\/steiger.media\/news\/speedtest2407\/"]}]},{"@type":"ImageObject","inLanguage":"en-US","@id":"https:\/\/steiger.media\/news\/speedtest2407\/#primaryimage","url":"https:\/\/steiger.media\/wp-content\/uploads\/2024\/07\/2024.07.04-adobe-speedtest-1024x1024.webp","contentUrl":"https:\/\/steiger.media\/wp-content\/uploads\/2024\/07\/2024.07.04-adobe-speedtest-1024x1024.webp"},{"@type":"BreadcrumbList","@id":"https:\/\/steiger.media\/news\/speedtest2407\/#breadcrumb","itemListElement":[{"@type":"ListItem","position":1,"name":"Home","item":"https:\/\/steiger.media\/"},{"@type":"ListItem","position":2,"name":"Digital Marketing News","item":"https:\/\/steiger.media\/news\/"},{"@type":"ListItem","position":3,"name":"Google Speed Test"}]},{"@type":"WebSite","@id":"https:\/\/steiger.media\/#website","url":"https:\/\/steiger.media\/","name":"Steiger Art &amp; Media","description":"","publisher":{"@id":"https:\/\/steiger.media\/#organization"},"potentialAction":[{"@type":"SearchAction","target":{"@type":"EntryPoint","urlTemplate":"https:\/\/steiger.media\/?s={search_term_string}"},"query-input":{"@type":"PropertyValueSpecification","valueRequired":true,"valueName":"search_term_string"}}],"inLanguage":"en-US"},{"@type":"Organization","@id":"https:\/\/steiger.media\/#organization","name":"Steiger Art &amp; Media","url":"https:\/\/steiger.media\/","logo":{"@type":"ImageObject","inLanguage":"en-US","@id":"https:\/\/steiger.media\/#\/schema\/logo\/image\/","url":"https:\/\/steiger.media\/wp-content\/uploads\/2024\/06\/cropped-logo4.png","contentUrl":"https:\/\/steiger.media\/wp-content\/uploads\/2024\/06\/cropped-logo4.png","width":173,"height":65,"caption":"Steiger Art & Media"},"image":{"@id":"https:\/\/steiger.media\/#\/schema\/logo\/image\/"}}]}},"_links":{"self":[{"href":"https:\/\/steiger.media\/en\/wp-json\/wp\/v2\/pages\/1002","targetHints":{"allow":["GET"]}}],"collection":[{"href":"https:\/\/steiger.media\/en\/wp-json\/wp\/v2\/pages"}],"about":[{"href":"https:\/\/steiger.media\/en\/wp-json\/wp\/v2\/types\/page"}],"author":[{"embeddable":true,"href":"https:\/\/steiger.media\/en\/wp-json\/wp\/v2\/users\/1"}],"replies":[{"embeddable":true,"href":"https:\/\/steiger.media\/en\/wp-json\/wp\/v2\/comments?post=1002"}],"version-history":[{"count":4,"href":"https:\/\/steiger.media\/en\/wp-json\/wp\/v2\/pages\/1002\/revisions"}],"predecessor-version":[{"id":1240,"href":"https:\/\/steiger.media\/en\/wp-json\/wp\/v2\/pages\/1002\/revisions\/1240"}],"up":[{"embeddable":true,"href":"https:\/\/steiger.media\/en\/wp-json\/wp\/v2\/pages\/998"}],"wp:attachment":[{"href":"https:\/\/steiger.media\/en\/wp-json\/wp\/v2\/media?parent=1002"}],"curies":[{"name":"wp","href":"https:\/\/api.w.org\/{rel}","templated":true}]}}