{"id":1077,"date":"2024-07-29T09:54:27","date_gmt":"2024-07-29T09:54:27","guid":{"rendered":"https:\/\/steiger.media\/?page_id=1077"},"modified":"2024-08-22T09:41:26","modified_gmt":"2024-08-22T09:41:26","slug":"likes2407","status":"publish","type":"page","link":"https:\/\/steiger.media\/en\/news\/likes2407\/","title":{"rendered":"No likes on Facebook"},"content":{"rendered":"<p>I am always amazed at how many large companies have millions of followers on Facebook but barely generate any interaction with their posts. Often, posts get less than 10 likes even though there are 2 million followers. The reason for this is that the posts do not appeal to followers in the long term and the Facebook algorithm has classified them as uninteresting. To solve this problem, content must be adapted to the followers, A\/B\/C testing must be carried out and advertising must be placed in the short term to boost organic reach again through paid reach.<\/p>\n\n\n\n<script type=\"application\/ld+json\">\n{\n  \"@context\": \"https:\/\/schema.org\/\",\n  \"@type\": \"BlogPosting\",\n  \"mainEntityOfPage\": {\n    \"@type\": \"WebPage\",\n    \"@id\": \"https:\/\/steiger.media\/news\/likes2407\/\"\n  },\n  \"headline\": \"Keine Likes auf Facebook\",\n  \"description\": \"Oft erhalten Beitr\u00e4ge weniger als 10 Likes, obwohl es 2 Millionen Follower gibt. Der Grund daf\u00fcr ist, dass die Beitr\u00e4ge die Follower langfristig nicht ansprechen und der Facebook-Algorithmus diese als uninteressant eingestuft hat. Um dieses Problem zu l\u00f6sen, m\u00fcssen die Inhalte an die Follower angepasst, A\/B\/C-Tests durchgef\u00fchrt und kurzfristig Werbung geschaltet werden, um die organische Reichweite durch bezahlte Reichweite wieder anzukurbeln.\",\n  \"image\": {\n    \"@type\": \"ImageObject\",\n    \"url\": \"\",\n    \"width\": \"\",\n    \"height\": \"\"\n  },\n  \"author\": {\n    \"@type\": \"Person\",\n    \"name\": \"Felix C. Richter\"\n  },\n  \"publisher\": {\n    \"@type\": \"Organization\",\n    \"name\": \"Steiger Art & Media\",\n    \"logo\": {\n      \"@type\": \"ImageObject\",\n      \"url\": \"https:\/\/steiger.media\/wp-content\/uploads\/2024\/06\/logo2-1.png\",\n      \"width\": \"512\",\n      \"height\": \"512\"\n    }\n  },\n  \"datePublished\": \"2024.07.20\"\n}\n<\/script>","protected":false},"excerpt":{"rendered":"<p>Ich bin immer wieder erstaunt, wie viele gro\u00dfe Unternehmen Millionen von Followern auf Facebook haben, aber mit ihren Beitr\u00e4gen kaum Interaktion erzeugen. Oft erhalten Beitr\u00e4ge weniger als 10 Likes, obwohl es 2 Millionen Follower gibt. Der Grund daf\u00fcr ist, dass die Beitr\u00e4ge die Follower langfristig nicht ansprechen und der Facebook-Algorithmus diese als uninteressant eingestuft hat. [&hellip;]<\/p>\n","protected":false},"author":1,"featured_media":0,"parent":998,"menu_order":0,"comment_status":"closed","ping_status":"closed","template":"","meta":{"footnotes":""},"class_list":["post-1077","page","type-page","status-publish","hentry"],"yoast_head":"<!-- This site is optimized with the Yoast SEO plugin v27.5 - https:\/\/yoast.com\/product\/yoast-seo-wordpress\/ -->\n<title>Keine Likes auf Facebook - Steiger Art &amp; Media<\/title>\n<meta name=\"description\" content=\"Keine Likes auf Facebook obwohl man viele Follower hat? Der Grund daf\u00fcr liegt, dass der Inhalt nicht zu deinen Followern passt.\" \/>\n<meta name=\"robots\" content=\"index, follow, max-snippet:-1, max-image-preview:large, max-video-preview:-1\" \/>\n<link rel=\"canonical\" href=\"https:\/\/steiger.media\/en\/news\/likes2407\/\" \/>\n<meta property=\"og:locale\" content=\"en_US\" \/>\n<meta property=\"og:type\" content=\"article\" \/>\n<meta property=\"og:title\" content=\"Keine Likes auf Facebook - Steiger Art &amp; Media\" \/>\n<meta property=\"og:description\" content=\"Keine Likes auf Facebook obwohl man viele Follower hat? Der Grund daf\u00fcr liegt, dass der Inhalt nicht zu deinen Followern passt.\" \/>\n<meta property=\"og:url\" content=\"https:\/\/steiger.media\/en\/news\/likes2407\/\" \/>\n<meta property=\"og:site_name\" content=\"Steiger Art &amp; Media\" \/>\n<meta property=\"article:modified_time\" content=\"2024-08-22T09:41:26+00:00\" \/>\n<meta name=\"twitter:card\" content=\"summary_large_image\" \/>\n<meta name=\"twitter:label1\" content=\"Est. reading time\" \/>\n\t<meta name=\"twitter:data1\" content=\"1 minute\" \/>\n<script type=\"application\/ld+json\" class=\"yoast-schema-graph\">{\"@context\":\"https:\\\/\\\/schema.org\",\"@graph\":[{\"@type\":\"WebPage\",\"@id\":\"https:\\\/\\\/steiger.media\\\/news\\\/likes2407\\\/\",\"url\":\"https:\\\/\\\/steiger.media\\\/news\\\/likes2407\\\/\",\"name\":\"Keine Likes auf Facebook - Steiger Art &amp; Media\",\"isPartOf\":{\"@id\":\"https:\\\/\\\/steiger.media\\\/#website\"},\"datePublished\":\"2024-07-29T09:54:27+00:00\",\"dateModified\":\"2024-08-22T09:41:26+00:00\",\"description\":\"Keine Likes auf Facebook obwohl man viele Follower hat? Der Grund daf\u00fcr liegt, dass der Inhalt nicht zu deinen Followern passt.\",\"breadcrumb\":{\"@id\":\"https:\\\/\\\/steiger.media\\\/news\\\/likes2407\\\/#breadcrumb\"},\"inLanguage\":\"en-US\",\"potentialAction\":[{\"@type\":\"ReadAction\",\"target\":[\"https:\\\/\\\/steiger.media\\\/news\\\/likes2407\\\/\"]}]},{\"@type\":\"BreadcrumbList\",\"@id\":\"https:\\\/\\\/steiger.media\\\/news\\\/likes2407\\\/#breadcrumb\",\"itemListElement\":[{\"@type\":\"ListItem\",\"position\":1,\"name\":\"Home\",\"item\":\"https:\\\/\\\/steiger.media\\\/\"},{\"@type\":\"ListItem\",\"position\":2,\"name\":\"Digital Marketing News\",\"item\":\"https:\\\/\\\/steiger.media\\\/news\\\/\"},{\"@type\":\"ListItem\",\"position\":3,\"name\":\"Keine Likes auf Facebook\"}]},{\"@type\":\"WebSite\",\"@id\":\"https:\\\/\\\/steiger.media\\\/#website\",\"url\":\"https:\\\/\\\/steiger.media\\\/\",\"name\":\"Steiger Art & Media\",\"description\":\"\",\"publisher\":{\"@id\":\"https:\\\/\\\/steiger.media\\\/#organization\"},\"potentialAction\":[{\"@type\":\"SearchAction\",\"target\":{\"@type\":\"EntryPoint\",\"urlTemplate\":\"https:\\\/\\\/steiger.media\\\/?s={search_term_string}\"},\"query-input\":{\"@type\":\"PropertyValueSpecification\",\"valueRequired\":true,\"valueName\":\"search_term_string\"}}],\"inLanguage\":\"en-US\"},{\"@type\":\"Organization\",\"@id\":\"https:\\\/\\\/steiger.media\\\/#organization\",\"name\":\"Steiger Art & Media\",\"url\":\"https:\\\/\\\/steiger.media\\\/\",\"logo\":{\"@type\":\"ImageObject\",\"inLanguage\":\"en-US\",\"@id\":\"https:\\\/\\\/steiger.media\\\/#\\\/schema\\\/logo\\\/image\\\/\",\"url\":\"https:\\\/\\\/steiger.media\\\/wp-content\\\/uploads\\\/2024\\\/06\\\/cropped-logo4.png\",\"contentUrl\":\"https:\\\/\\\/steiger.media\\\/wp-content\\\/uploads\\\/2024\\\/06\\\/cropped-logo4.png\",\"width\":173,\"height\":65,\"caption\":\"Steiger Art & Media\"},\"image\":{\"@id\":\"https:\\\/\\\/steiger.media\\\/#\\\/schema\\\/logo\\\/image\\\/\"}}]}<\/script>\n<!-- \/ Yoast SEO plugin. -->","yoast_head_json":{"title":"No likes on Facebook - Steiger Art &amp; Media","description":"No likes on Facebook despite having many followers? The reason is that the content isn&#039;t relevant to your followers.","robots":{"index":"index","follow":"follow","max-snippet":"max-snippet:-1","max-image-preview":"max-image-preview:large","max-video-preview":"max-video-preview:-1"},"canonical":"https:\/\/steiger.media\/en\/news\/likes2407\/","og_locale":"en_US","og_type":"article","og_title":"Keine Likes auf Facebook - Steiger Art &amp; Media","og_description":"Keine Likes auf Facebook obwohl man viele Follower hat? Der Grund daf\u00fcr liegt, dass der Inhalt nicht zu deinen Followern passt.","og_url":"https:\/\/steiger.media\/en\/news\/likes2407\/","og_site_name":"Steiger Art &amp; Media","article_modified_time":"2024-08-22T09:41:26+00:00","twitter_card":"summary_large_image","twitter_misc":{"Est. reading time":"1 minute"},"schema":{"@context":"https:\/\/schema.org","@graph":[{"@type":"WebPage","@id":"https:\/\/steiger.media\/news\/likes2407\/","url":"https:\/\/steiger.media\/news\/likes2407\/","name":"No likes on Facebook - Steiger Art &amp; Media","isPartOf":{"@id":"https:\/\/steiger.media\/#website"},"datePublished":"2024-07-29T09:54:27+00:00","dateModified":"2024-08-22T09:41:26+00:00","description":"No likes on Facebook despite having many followers? The reason is that the content isn&#039;t relevant to your followers.","breadcrumb":{"@id":"https:\/\/steiger.media\/news\/likes2407\/#breadcrumb"},"inLanguage":"en-US","potentialAction":[{"@type":"ReadAction","target":["https:\/\/steiger.media\/news\/likes2407\/"]}]},{"@type":"BreadcrumbList","@id":"https:\/\/steiger.media\/news\/likes2407\/#breadcrumb","itemListElement":[{"@type":"ListItem","position":1,"name":"Home","item":"https:\/\/steiger.media\/"},{"@type":"ListItem","position":2,"name":"Digital Marketing News","item":"https:\/\/steiger.media\/news\/"},{"@type":"ListItem","position":3,"name":"Keine Likes auf Facebook"}]},{"@type":"WebSite","@id":"https:\/\/steiger.media\/#website","url":"https:\/\/steiger.media\/","name":"Steiger Art &amp; Media","description":"","publisher":{"@id":"https:\/\/steiger.media\/#organization"},"potentialAction":[{"@type":"SearchAction","target":{"@type":"EntryPoint","urlTemplate":"https:\/\/steiger.media\/?s={search_term_string}"},"query-input":{"@type":"PropertyValueSpecification","valueRequired":true,"valueName":"search_term_string"}}],"inLanguage":"en-US"},{"@type":"Organization","@id":"https:\/\/steiger.media\/#organization","name":"Steiger Art &amp; Media","url":"https:\/\/steiger.media\/","logo":{"@type":"ImageObject","inLanguage":"en-US","@id":"https:\/\/steiger.media\/#\/schema\/logo\/image\/","url":"https:\/\/steiger.media\/wp-content\/uploads\/2024\/06\/cropped-logo4.png","contentUrl":"https:\/\/steiger.media\/wp-content\/uploads\/2024\/06\/cropped-logo4.png","width":173,"height":65,"caption":"Steiger Art & Media"},"image":{"@id":"https:\/\/steiger.media\/#\/schema\/logo\/image\/"}}]}},"_links":{"self":[{"href":"https:\/\/steiger.media\/en\/wp-json\/wp\/v2\/pages\/1077","targetHints":{"allow":["GET"]}}],"collection":[{"href":"https:\/\/steiger.media\/en\/wp-json\/wp\/v2\/pages"}],"about":[{"href":"https:\/\/steiger.media\/en\/wp-json\/wp\/v2\/types\/page"}],"author":[{"embeddable":true,"href":"https:\/\/steiger.media\/en\/wp-json\/wp\/v2\/users\/1"}],"replies":[{"embeddable":true,"href":"https:\/\/steiger.media\/en\/wp-json\/wp\/v2\/comments?post=1077"}],"version-history":[{"count":2,"href":"https:\/\/steiger.media\/en\/wp-json\/wp\/v2\/pages\/1077\/revisions"}],"predecessor-version":[{"id":1241,"href":"https:\/\/steiger.media\/en\/wp-json\/wp\/v2\/pages\/1077\/revisions\/1241"}],"up":[{"embeddable":true,"href":"https:\/\/steiger.media\/en\/wp-json\/wp\/v2\/pages\/998"}],"wp:attachment":[{"href":"https:\/\/steiger.media\/en\/wp-json\/wp\/v2\/media?parent=1077"}],"curies":[{"name":"wp","href":"https:\/\/api.w.org\/{rel}","templated":true}]}}