{"id":1195,"date":"2024-08-19T09:03:21","date_gmt":"2024-08-19T09:03:21","guid":{"rendered":"https:\/\/steiger.media\/?page_id=1195"},"modified":"2025-06-04T12:26:53","modified_gmt":"2025-06-04T12:26:53","slug":"suchverhalten","status":"publish","type":"page","link":"https:\/\/steiger.media\/en\/seo-sea-aio\/suchverhalten\/","title":{"rendered":"SEO search behavior and AI"},"content":{"rendered":"\n<p><strong>Was bedeutet Suchverhalten f\u00fcr SEO?<\/strong><\/p>\n\n\n\n<p>Einer der wichtigsten Schritte bei den SEO-Einstellungen ist es, zu verstehen, wie Nutzer:innen nach den von einem Unternehmen angebotenen Dienstleistungen oder Produkten suchen. Auf der Grundlage dieser Analyse werden die richtigen Titel, Beschreibungen, Bilder, Schl\u00fcsselw\u00f6rter, FAQs und strukturierten Daten ausgew\u00e4hlt und die Struktur der Website festgelegt.<\/p>\n\n\n\n<p>Es gibt verschiedene Wege, das Suchverhalten zu verstehen und dadurch eine Seite SEO zu optimieren. Diese erg\u00e4nzen sich gegenseitig. K\u00fcnstliche Intelligenz vereinfacht diesen Prozess.<\/p>\n\n\n\n<p><strong>Wie hilft Google Trends, das Suchverhalten zu verstehen und SEO-Entscheidungen zu treffen?<\/strong><br>Google Trends ist ein kostenloses Tool, das zeigt, wie h\u00e4ufig bestimmte Suchbegriffe im Vergleich zueinander verwendet werden. Es eignet sich besonders gut, um zwischen verschiedenen Wortvarianten zu entscheiden \u2013 etwa, ob Nutzer h\u00e4ufiger nach \u201eVeganes Restaurant in Wien\u201c oder nach \u201eVegan essen in Wien\u201c suchen. Diese Einsicht kann Unternehmen helfen, ihre Website-Struktur gezielt danach auszurichten und ihre Inhalte entsprechend zu optimieren. Mithilfe von KI lassen sich solche Daten automatisch analysieren und Handlungsempfehlungen generieren.<\/p>\n\n\n\n<p><strong>Wie kann die Google-Funktion \u201e\u00c4hnliche Fragen\u201c (People Also Ask) genutzt werden, um das Suchverhalten zu verstehen und SEO gezielt einzusetzen?<\/strong><br>Die Google-Funktion \u201e\u00c4hnliche Fragen\u201c \u2013 auch bekannt als People Also Ask (PAA) \u2013 liefert wertvolle Hinweise darauf, welche Fragen Nutzer:innen rund um ein Thema stellen. Gibt man etwa bei Google die Frage \u201eWo kann ich in Wien vegan essen?\u201c ein, erscheinen verwandte Fragen wie \u201eIst Wien veganfreundlich?\u201c Diese Einblicke helfen dabei, relevante Inhalte f\u00fcr die eigene Website zu erstellen. Wenn ein veganes Restaurant in Wien solche Fragen gezielt beantwortet, st\u00e4rkt es seine Sichtbarkeit und spricht genau die Interessen potenzieller G\u00e4ste an. KI kann hier zus\u00e4tzlich helfen, passende Fragen automatisch zu identifizieren und passende Content-Ideen vorzuschlagen.<\/p>\n\n\n\n<p><strong>Wie k\u00f6nnen die \u201e\u00c4hnlichen Suchen\u201c von Bing genutzt werden, um SEO-Strategien und das Angebot eines Unternehmens zu verbessern?<\/strong><br>Bing bietet mit der Funktion \u201e\u00c4hnliche Suchen\u201c einen wertvollen Blick auf verwandte Suchanfragen. Gibt man zum Beispiel \u201eWo kann ich in Wien vegan essen?\u201c ein, zeigt Bing weitere relevante Suchen wie \u201ebestes veganes Restaurant in Wien\u201c oder \u201eveganes Fr\u00fchst\u00fcck in Wien\u201c. Diese Informationen helfen dabei, nicht nur Inhalte SEO-optimiert zu gestalten, sondern auch das Angebot gezielt an die Bed\u00fcrfnisse der Nutzer:innen anzupassen \u2013 etwa, indem ein Restaurant zus\u00e4tzlich veganes Fr\u00fchst\u00fcck anbietet. KI kann diese Suchdaten automatisch analysieren und daraus konkrete Handlungsempfehlungen ableiten \u2013 etwa f\u00fcr Produktentwicklung, Content-Erstellung oder Angebotsstruktur.<\/p>\n\n\n\n<p><strong>Wie hilft die Google Search Console dabei, relevantes Suchverhalten zu erkennen und gezielte SEO-Ma\u00dfnahmen zu setzen?<\/strong><br>Die Google Search Console ist ein wertvolles Tool, um das Suchverhalten der Nutzer:innen besser zu verstehen. Falls jemand bereits eine Website betreibt und Zugriff auf die Search Console hat, l\u00e4sst sich dort nachvollziehen, bei welchen Suchanfragen die Website erscheint und wie sie dabei performt. Angenommen, ein Unternehmen verkauft online Gebrauchtwagen und listet dabei auch die Farben der Fahrzeuge. Wenn in der Search Console ersichtlich wird, dass die Seite h\u00e4ufig bei der Suchanfrage \u201eGebrauchtwagen rot\u201c angezeigt wird, aber kaum Klicks erh\u00e4lt, deutet das auf Optimierungspotenzial hin. In diesem Fall k\u00f6nnte eine eigene Seite f\u00fcr \u201eGebrauchtwagen rot\u201c erstellt werden, um gezielt bessere Rankings zu erzielen. <em><strong>Mit Hilfe von K\u00fcnstlicher Intelligenz lassen sich diese Suchdaten herunterladen, analysieren und in konkrete Handlungsempfehlungen umwandeln \u2013 etwa f\u00fcr die gezielte Content-Erstellung oder strukturelle Anpassungen an der Website.<\/strong><\/em><\/p>\n\n\n\n<p><strong>Wie unterst\u00fctzt der Keyword-Planer von Google Ads dabei, das Suchverhalten zu analysieren und SEO-Strategien zu entwickeln?<\/strong><br>Wer Zugang zu Google Ads hat, kann den integrierten Keyword-Planer nutzen, um das monatliche Suchvolumen bestimmter Begriffe und kurzer Phrasen zu analysieren. Das Tool bietet einen detaillierten \u00dcberblick dar\u00fcber, welche Keywords wie h\u00e4ufig gesucht werden \u2013 eine wichtige Grundlage f\u00fcr zielgerichtete SEO-Strategien und Content-Planung. Mithilfe von KI k\u00f6nnen die exportierten Daten aus dem Keyword-Planer weiterverarbeitet werden, um Muster zu erkennen, Trends vorherzusagen und automatische Handlungsempfehlungen f\u00fcr Keyword-Kombinationen, Themencluster oder Seitenstrukturen zu erstellen.<\/p>\n\n\n\n<p><strong>Warum ist eigene Erfahrung bei der Analyse des Suchverhaltens trotz fehlender Daten aus Google oder Bing wichtig?<\/strong><br>Eigene Erfahrungen im direkten Kontakt mit Kundinnen und Kunden sind ein wichtiger Bestandteil, um Suchverhalten richtig zu interpretieren \u2013 insbesondere in Nischenm\u00e4rkten. Suchmaschinen wie Google erfassen nur Suchtrends mit ausreichendem Volumen, sodass bestimmte lokale oder branchenspezifische Bed\u00fcrfnisse unentdeckt bleiben k\u00f6nnen. Wenn beispielsweise in einem Autohaus h\u00e4ufig nach Gebrauchtwagen mit Sommer- und Winterreifen gefragt wird, lohnt es sich, eine eigene Seite zu diesem Thema zu erstellen \u2013 auch wenn es keine konkreten Suchvolumen-Daten dazu gibt. Erg\u00e4nzend kann KI helfen, interne Informationen oder R\u00fcckmeldungen systematisch auszuwerten und daraus strategische Inhalte f\u00fcr die Website zu entwickeln.<\/p>\n\n\n\n<p><strong>Ein Blick in die Zukunft mit KI:<\/strong><br>Ein gutes Gesp\u00fcr f\u00fcr zuk\u00fcnftige Entwicklungen in der eigenen Branche kann ein entscheidender SEO-Vorteil sein. Wenn jemand fr\u00fch erkennt, welche Themen in den n\u00e4chsten Jahren an Bedeutung gewinnen, lohnt es sich, bereits jetzt Inhalte dazu zu erstellen \u2013 auch wenn aktuell noch kaum jemand danach sucht. Wer fr\u00fchzeitig eine thematisch passende Seite aufbaut, hat die Chance, bei steigendem Interesse als Erste:r zu ranken, relevante Backlinks zu erhalten und sich als vertrauensw\u00fcrdige Quelle zu etablieren. KI kann bei der Trendbeobachtung unterst\u00fctzen, indem sie gro\u00dfe Datenmengen analysiert, fr\u00fchzeitige Signale erkennt und Themen identifiziert, die langfristiges Potenzial besitzen.<\/p>\n\n\n\n<p><strong>Wie kann eine KI wie ChatGPT dabei helfen, das Suchverhalten besser zu verstehen und passende Keywords zu finden?<\/strong><br>KIs wie ChatGPT haben Zugriff auf riesige Datenmengen und verstehen, wie Menschen online nach Informationen suchen. Daher ist es sehr hilfreich, eine solche KI gezielt nach typischen Suchanfragen zu bestimmten Themen zu fragen. Ein Beispiel f\u00fcr einen Prompt w\u00e4re: \u201eWas sind m\u00f6gliche Suchanfragen bei Google zum Thema \u201aWellness Hotel Berlin\u2018?\u201c. Die Antworten k\u00f6nnen dabei helfen, relevante Keywords zu identifizieren und Content gezielt darauf auszurichten. Zus\u00e4tzlich kann die KI auch Synonyme, verwandte Begriffe und thematische Cluster vorschlagen, die in SEO-Strategien integriert werden k\u00f6nnen.<\/p>\n\n\n\n<p><strong>K\u00fcnstliche Intelligenz ist heute ein zentraler Helfer<\/strong>, wenn es darum geht, das Suchverhalten von Nutzer:innen zu verstehen und daraus eine effektive SEO-Strategie abzuleiten. Sie kann riesige Datenmengen analysieren, Suchtrends erkennen und gezielte Handlungsempfehlungen liefern. Auch ohne teure Tools und komplexe Systeme l\u00e4sst sich bereits viel erreichen: Wer Google Trends, die Search Console, den Keyword-Planer und eigene Kundenerfahrungen richtig einsetzt, kombiniert wertvolle Datenquellen f\u00fcr eine fundierte SEO-Strategie. SEO ist ein vielschichtiges Thema \u2013 aber mit den richtigen Schritten und dem Einsatz von k\u00fcnstlicher Intelligenz sind Sie bestens ger\u00fcstet, um sichtbar zu werden und zu bleiben.<\/p>\n\n\n\n<script type=\"application\/ld+json\">\n{\n  \"@context\": \"https:\/\/schema.org\/\",\n  \"@type\": \"Article\",\n  \"mainEntityOfPage\": {\n    \"@type\": \"WebPage\",\n    \"@id\": \"https:\/\/steiger.media\/seo-sea-aio\/suchverhalten\/\"\n  },\n  \"headline\": \"SEO Suchverhalten mit KI verstehen\",\n  \"description\": \"Einer der wichtigsten Schritte bei den SEO-Einstellungen ist es, zu verstehen, wie Nutzer:innen nach den von einem Unternehmen angebotenen Dienstleistungen oder Produkten suchen. Auf der Grundlage dieser Analyse werden die richtigen Titel, Beschreibungen, Bilder, Schl\u00fcsselw\u00f6rter, FAQs und strukturierten Daten ausgew\u00e4hlt und die Struktur der Website festgelegt. Es gibt verschiedene Wege, das Suchverhalten zu verstehen und dadurch eine Seite SEO zu optimieren. Diese erg\u00e4nzen sich gegenseitig. K\u00fcnstliche Intelligenz vereinfacht diesen Prozess.\",\n  \"image\": {\n    \"@type\": \"ImageObject\",\n    \"url\": \"\",\n    \"width\": \"\",\n    \"height\": \"\"\n  },\n  \"author\": {\n    \"@type\": \"Person\",\n    \"name\": \"Felix C. Richter\"\n  },\n  \"publisher\": {\n    \"@type\": \"Organization\",\n    \"name\": \"Steiger Art & Media\",\n    \"logo\": {\n      \"@type\": \"ImageObject\",\n      \"url\": \"https:\/\/steiger.media\/wp-content\/uploads\/2024\/06\/logo2-1.png\",\n      \"width\": \"512\",\n      \"height\": \"512\"\n    }\n  },\n  \"datePublished\": \"2025.06.04\"\n}\n<\/script>\n\n\n\n<script type=\"application\/ld+json\">\n{\n  \"@context\": \"https:\/\/schema.org\",\n  \"@type\": \"FAQPage\",\n  \"mainEntity\": [\n    {\n      \"@type\": \"Question\",\n      \"name\": \"Wie hilft Google Trends beim Verstehen von Suchverhalten?\",\n      \"acceptedAnswer\": {\n        \"@type\": \"Answer\",\n        \"text\": \"Google Trends zeigt, wie oft Begriffe im Vergleich gesucht werden. So lassen sich Begriffsvarianten besser einsch\u00e4tzen und gezielt f\u00fcr SEO nutzen.\"\n      }\n    },\n    {\n      \"@type\": \"Question\",\n      \"name\": \"Wie kann man mit KI wie ChatGPT passende Suchanfragen finden?\",\n      \"acceptedAnswer\": {\n        \"@type\": \"Answer\",\n        \"text\": \"K\u00fcnstliche Intelligenz wie ChatGPT erkennt typische Suchmuster und liefert passende Keyword-Vorschl\u00e4ge zu einem gew\u00fcnschten Thema.\"\n      }\n    },\n    {\n      \"@type\": \"Question\",\n      \"name\": \"Was bringt die Google Search Console f\u00fcr das SEO-Verst\u00e4ndnis?\",\n      \"acceptedAnswer\": {\n        \"@type\": \"Answer\",\n        \"text\": \"Sie zeigt, bei welchen Suchanfragen die Website erscheint. Daraus lassen sich Optimierungspotenziale und gezielte Inhalte ableiten.\"\n      }\n    },\n    {\n      \"@type\": \"Question\",\n      \"name\": \"Wie k\u00f6nnen eigene Erfahrungen beim SEO helfen?\",\n      \"acceptedAnswer\": {\n        \"@type\": \"Answer\",\n        \"text\": \"Besonders in Nischen liefern direkte Kundenfragen wichtige Hinweise, auch wenn sie nicht in Google-Daten auftauchen.\"\n      }\n    },\n    {\n      \"@type\": \"Question\",\n      \"name\": \"Wie unterst\u00fctzt KI bei der Analyse von Suchverhalten?\",\n      \"acceptedAnswer\": {\n        \"@type\": \"Answer\",\n        \"text\": \"K\u00fcnstliche Intelligenz kann gro\u00dfe Datenmengen analysieren, Trends erkennen und konkrete SEO-Empfehlungen ableiten.\"\n      }\n    }\n  ]\n}\n<\/script>\n\n","protected":false},"excerpt":{"rendered":"<p>Was bedeutet Suchverhalten f\u00fcr SEO? Einer der wichtigsten Schritte bei den SEO-Einstellungen ist es, zu verstehen, wie Nutzer:innen nach den von einem Unternehmen angebotenen Dienstleistungen oder Produkten suchen. Auf der Grundlage dieser Analyse werden die richtigen Titel, Beschreibungen, Bilder, Schl\u00fcsselw\u00f6rter, FAQs und strukturierten Daten ausgew\u00e4hlt und die Struktur der Website festgelegt. Es gibt verschiedene Wege, [&hellip;]<\/p>\n","protected":false},"author":1,"featured_media":0,"parent":191,"menu_order":0,"comment_status":"closed","ping_status":"closed","template":"","meta":{"footnotes":""},"class_list":["post-1195","page","type-page","status-publish","hentry"],"yoast_head":"<!-- This site is optimized with the Yoast SEO plugin v27.4 - https:\/\/yoast.com\/product\/yoast-seo-wordpress\/ -->\n<title>SEO Suchverhalten - Optimierung &amp; Analysen<\/title>\n<meta name=\"description\" content=\"SEO Suchverhalten auf Nutzer:innen bezogen. SEO-Einstellungen, SEO-Analyse, Optimierung der Website mit Trends.\" \/>\n<meta name=\"robots\" content=\"index, follow, max-snippet:-1, max-image-preview:large, max-video-preview:-1\" \/>\n<link rel=\"canonical\" href=\"https:\/\/steiger.media\/en\/seo-sea-aio\/suchverhalten\/\" \/>\n<meta property=\"og:locale\" content=\"en_US\" \/>\n<meta property=\"og:type\" content=\"article\" \/>\n<meta property=\"og:title\" content=\"SEO Optimierung\" \/>\n<meta property=\"og:description\" content=\"Suchverhalten\" \/>\n<meta property=\"og:url\" content=\"https:\/\/steiger.media\/en\/seo-sea-aio\/suchverhalten\/\" \/>\n<meta property=\"og:site_name\" content=\"Steiger Art &amp; Media\" \/>\n<meta property=\"article:modified_time\" content=\"2025-06-04T12:26:53+00:00\" \/>\n<meta property=\"og:image\" content=\"https:\/\/steiger.media\/wp-content\/uploads\/2024\/08\/og-seo.webp\" \/>\n\t<meta property=\"og:image:width\" content=\"1200\" \/>\n\t<meta property=\"og:image:height\" content=\"630\" \/>\n\t<meta property=\"og:image:type\" content=\"image\/webp\" \/>\n<meta name=\"twitter:card\" content=\"summary_large_image\" \/>\n<meta name=\"twitter:label1\" content=\"Est. reading time\" \/>\n\t<meta name=\"twitter:data1\" content=\"6 minutes\" \/>\n<script type=\"application\/ld+json\" class=\"yoast-schema-graph\">{\"@context\":\"https:\\\/\\\/schema.org\",\"@graph\":[{\"@type\":\"WebPage\",\"@id\":\"https:\\\/\\\/steiger.media\\\/seo-sea-aio\\\/suchverhalten\\\/\",\"url\":\"https:\\\/\\\/steiger.media\\\/seo-sea-aio\\\/suchverhalten\\\/\",\"name\":\"SEO Suchverhalten - Optimierung & Analysen\",\"isPartOf\":{\"@id\":\"https:\\\/\\\/steiger.media\\\/#website\"},\"datePublished\":\"2024-08-19T09:03:21+00:00\",\"dateModified\":\"2025-06-04T12:26:53+00:00\",\"description\":\"SEO Suchverhalten auf Nutzer:innen bezogen. SEO-Einstellungen, SEO-Analyse, Optimierung der Website mit Trends.\",\"breadcrumb\":{\"@id\":\"https:\\\/\\\/steiger.media\\\/seo-sea-aio\\\/suchverhalten\\\/#breadcrumb\"},\"inLanguage\":\"en-US\",\"potentialAction\":[{\"@type\":\"ReadAction\",\"target\":[\"https:\\\/\\\/steiger.media\\\/seo-sea-aio\\\/suchverhalten\\\/\"]}]},{\"@type\":\"BreadcrumbList\",\"@id\":\"https:\\\/\\\/steiger.media\\\/seo-sea-aio\\\/suchverhalten\\\/#breadcrumb\",\"itemListElement\":[{\"@type\":\"ListItem\",\"position\":1,\"name\":\"Home\",\"item\":\"https:\\\/\\\/steiger.media\\\/\"},{\"@type\":\"ListItem\",\"position\":2,\"name\":\"GEO &amp; SEO mit KI\",\"item\":\"https:\\\/\\\/steiger.media\\\/seo-sea-aio\\\/\"},{\"@type\":\"ListItem\",\"position\":3,\"name\":\"SEO Suchverhalten und KI\"}]},{\"@type\":\"WebSite\",\"@id\":\"https:\\\/\\\/steiger.media\\\/#website\",\"url\":\"https:\\\/\\\/steiger.media\\\/\",\"name\":\"Steiger Art & Media\",\"description\":\"\",\"publisher\":{\"@id\":\"https:\\\/\\\/steiger.media\\\/#organization\"},\"potentialAction\":[{\"@type\":\"SearchAction\",\"target\":{\"@type\":\"EntryPoint\",\"urlTemplate\":\"https:\\\/\\\/steiger.media\\\/?s={search_term_string}\"},\"query-input\":{\"@type\":\"PropertyValueSpecification\",\"valueRequired\":true,\"valueName\":\"search_term_string\"}}],\"inLanguage\":\"en-US\"},{\"@type\":\"Organization\",\"@id\":\"https:\\\/\\\/steiger.media\\\/#organization\",\"name\":\"Steiger Art & Media\",\"url\":\"https:\\\/\\\/steiger.media\\\/\",\"logo\":{\"@type\":\"ImageObject\",\"inLanguage\":\"en-US\",\"@id\":\"https:\\\/\\\/steiger.media\\\/#\\\/schema\\\/logo\\\/image\\\/\",\"url\":\"https:\\\/\\\/steiger.media\\\/wp-content\\\/uploads\\\/2024\\\/06\\\/cropped-logo4.png\",\"contentUrl\":\"https:\\\/\\\/steiger.media\\\/wp-content\\\/uploads\\\/2024\\\/06\\\/cropped-logo4.png\",\"width\":173,\"height\":65,\"caption\":\"Steiger Art & Media\"},\"image\":{\"@id\":\"https:\\\/\\\/steiger.media\\\/#\\\/schema\\\/logo\\\/image\\\/\"}}]}<\/script>\n<!-- \/ Yoast SEO plugin. -->","yoast_head_json":{"title":"SEO Search Behavior - Optimization &amp; Analysis","description":"SEO focuses on user-centric search behavior. This includes SEO settings, SEO analysis, and website optimization based on current trends.","robots":{"index":"index","follow":"follow","max-snippet":"max-snippet:-1","max-image-preview":"max-image-preview:large","max-video-preview":"max-video-preview:-1"},"canonical":"https:\/\/steiger.media\/en\/seo-sea-aio\/suchverhalten\/","og_locale":"en_US","og_type":"article","og_title":"SEO Optimierung","og_description":"Suchverhalten","og_url":"https:\/\/steiger.media\/en\/seo-sea-aio\/suchverhalten\/","og_site_name":"Steiger Art &amp; Media","article_modified_time":"2025-06-04T12:26:53+00:00","og_image":[{"width":1200,"height":630,"url":"https:\/\/steiger.media\/wp-content\/uploads\/2024\/08\/og-seo.webp","type":"image\/webp"}],"twitter_card":"summary_large_image","twitter_misc":{"Est. reading time":"6 minutes"},"schema":{"@context":"https:\/\/schema.org","@graph":[{"@type":"WebPage","@id":"https:\/\/steiger.media\/seo-sea-aio\/suchverhalten\/","url":"https:\/\/steiger.media\/seo-sea-aio\/suchverhalten\/","name":"SEO Search Behavior - Optimization &amp; Analysis","isPartOf":{"@id":"https:\/\/steiger.media\/#website"},"datePublished":"2024-08-19T09:03:21+00:00","dateModified":"2025-06-04T12:26:53+00:00","description":"SEO focuses on user-centric search behavior. This includes SEO settings, SEO analysis, and website optimization based on current trends.","breadcrumb":{"@id":"https:\/\/steiger.media\/seo-sea-aio\/suchverhalten\/#breadcrumb"},"inLanguage":"en-US","potentialAction":[{"@type":"ReadAction","target":["https:\/\/steiger.media\/seo-sea-aio\/suchverhalten\/"]}]},{"@type":"BreadcrumbList","@id":"https:\/\/steiger.media\/seo-sea-aio\/suchverhalten\/#breadcrumb","itemListElement":[{"@type":"ListItem","position":1,"name":"Home","item":"https:\/\/steiger.media\/"},{"@type":"ListItem","position":2,"name":"GEO &amp; SEO mit KI","item":"https:\/\/steiger.media\/seo-sea-aio\/"},{"@type":"ListItem","position":3,"name":"SEO Suchverhalten und KI"}]},{"@type":"WebSite","@id":"https:\/\/steiger.media\/#website","url":"https:\/\/steiger.media\/","name":"Steiger Art &amp; Media","description":"","publisher":{"@id":"https:\/\/steiger.media\/#organization"},"potentialAction":[{"@type":"SearchAction","target":{"@type":"EntryPoint","urlTemplate":"https:\/\/steiger.media\/?s={search_term_string}"},"query-input":{"@type":"PropertyValueSpecification","valueRequired":true,"valueName":"search_term_string"}}],"inLanguage":"en-US"},{"@type":"Organization","@id":"https:\/\/steiger.media\/#organization","name":"Steiger Art &amp; Media","url":"https:\/\/steiger.media\/","logo":{"@type":"ImageObject","inLanguage":"en-US","@id":"https:\/\/steiger.media\/#\/schema\/logo\/image\/","url":"https:\/\/steiger.media\/wp-content\/uploads\/2024\/06\/cropped-logo4.png","contentUrl":"https:\/\/steiger.media\/wp-content\/uploads\/2024\/06\/cropped-logo4.png","width":173,"height":65,"caption":"Steiger Art & Media"},"image":{"@id":"https:\/\/steiger.media\/#\/schema\/logo\/image\/"}}]}},"_links":{"self":[{"href":"https:\/\/steiger.media\/en\/wp-json\/wp\/v2\/pages\/1195","targetHints":{"allow":["GET"]}}],"collection":[{"href":"https:\/\/steiger.media\/en\/wp-json\/wp\/v2\/pages"}],"about":[{"href":"https:\/\/steiger.media\/en\/wp-json\/wp\/v2\/types\/page"}],"author":[{"embeddable":true,"href":"https:\/\/steiger.media\/en\/wp-json\/wp\/v2\/users\/1"}],"replies":[{"embeddable":true,"href":"https:\/\/steiger.media\/en\/wp-json\/wp\/v2\/comments?post=1195"}],"version-history":[{"count":5,"href":"https:\/\/steiger.media\/en\/wp-json\/wp\/v2\/pages\/1195\/revisions"}],"predecessor-version":[{"id":1828,"href":"https:\/\/steiger.media\/en\/wp-json\/wp\/v2\/pages\/1195\/revisions\/1828"}],"up":[{"embeddable":true,"href":"https:\/\/steiger.media\/en\/wp-json\/wp\/v2\/pages\/191"}],"wp:attachment":[{"href":"https:\/\/steiger.media\/en\/wp-json\/wp\/v2\/media?parent=1195"}],"curies":[{"name":"wp","href":"https:\/\/api.w.org\/{rel}","templated":true}]}}