{"id":1247,"date":"2024-08-23T08:48:50","date_gmt":"2024-08-23T08:48:50","guid":{"rendered":"https:\/\/steiger.media\/?page_id=1247"},"modified":"2025-06-04T12:40:53","modified_gmt":"2025-06-04T12:40:53","slug":"keywords","status":"publish","type":"page","link":"https:\/\/steiger.media\/en\/seo-sea-aio\/keywords\/","title":{"rendered":"SEO Keywords \u2013 Keywords"},"content":{"rendered":"\n<p>Schl\u00fcsselw\u00f6rter oder Keywords sind im SEO-Kontext relevante W\u00f6rter, die strategisch in einem Webtext platziert werden, um Suchmaschinen wie Google und Bing auf den Inhalt des Textes aufmerksam zu machen. Keywords sind eine Erweiterung des <a href=\"https:\/\/steiger.media\/seo-sea-aio\/seo-titel\/\">Titels und der Beschreibung<\/a> im digitalen Marketing. Sie sind ein Beweis f\u00fcr die Suchmaschinen, dass der Titel einer Seite nicht frei erfunden ist, sondern dass der Inhalt der Seite tats\u00e4chlich dem Titel und der Beschreibung entspricht.<\/p>\n\n\n\n<p>Heute hilft K\u00fcnstliche Intelligenz (KI) dabei, genau diese Schl\u00fcsselw\u00f6rter schneller, umfassender und zielgerichteter zu finden. KI-Tools analysieren riesige Datenmengen \u2013 z.\u202fB. Suchverl\u00e4ufe, Wettbewerberseiten, semantische Zusammenh\u00e4nge oder Nutzerintentionen \u2013 und schlagen automatisch passende Keywords vor, die sowohl aus SEO-Sicht relevant als auch im inhaltlichen Kontext sinnvoll sind.<\/p>\n\n\n\n<p><strong>Schl\u00fcsselw\u00f6rter finden \u2013 mit KI<\/strong><br>Schl\u00fcsselw\u00f6rter werden \u2013 wie der Titel und die Beschreibung \u2013 weiterhin mit geeigneten Tools analysiert, aber KI kann diese Tools erheblich verbessern oder sogar ersetzen. Statt nur auf Tools wie Google Trends oder Search Console zu setzen, analysieren moderne KI-Systeme thematische Zusammenh\u00e4nge in gro\u00dfen Textmengen und schlagen sogar alternative Formulierungen, semantische Variationen und oft gesuchte Fragen vor.<\/p>\n\n\n\n<p>Angenommen, auf der Website eines Tierschutzvereins in \u00d6sterreich wird eine Webseite \u00fcber B\u00e4ren in \u00d6sterreich erstellt. Nach Analyse durch ein KI-gest\u00fctztes Tool lautet der Titel \u201eB\u00e4r in \u00d6sterreich \u2013 Lebensraum und Gefahr\u201c. Das Wort \u201eGefahr\u201c wurde gezielt integriert, weil KI erkannt hat, dass es viele Suchanfragen mit \u201eB\u00e4r Gefahr\u201c und \u201eB\u00e4r gef\u00e4hrlich\u201c gibt. Auch die Kurzbeschreibung wird mithilfe von KI optimiert: \u201eAlles \u00fcber B\u00e4ren in \u00d6sterreich. Lebensraum, Lebensweise und Gefahr. Ist der B\u00e4r gef\u00e4hrlich?\u201c Anschlie\u00dfend schl\u00e4gt das KI-Tool eine breite Auswahl relevanter Begriffe vor: B\u00e4r, Gefahr, gef\u00e4hrlich, Gebiet, Nahrung, Lebensraum, Ern\u00e4hrung, Habitat, Anzahl B\u00e4ren, \u00d6sterreich, Vorkommen, Gewicht, Gr\u00f6\u00dfe, Anzahl Junge, B\u00e4renjunge, Gefahr f\u00fcr Menschen, Gebiet. Diese werden gezielt in den Text integriert.<\/p>\n\n\n\n<p>KI achtet dabei nicht nur auf Relevanz, sondern auch auf Lesbarkeit: Sie bewertet, ob ein Text trotz vieler Schl\u00fcsselw\u00f6rter nat\u00fcrlich klingt. So unterst\u00fctzt sie, ein Gleichgewicht zu finden zwischen dem urspr\u00fcnglichen Text und einem suchmaschinenoptimierten Text. Wird ein Text \u00fcberoptimiert, erkennt das die KI (z.\u202fB. durch Simulation des Nutzerverhaltens) und warnt vor einem unnat\u00fcrlich klingenden Stil, der Leser:innen abschrecken k\u00f6nnte \u2013 was wiederum die Dwell-Time negativ beeinflussen w\u00fcrde.<\/p>\n\n\n\n<p><strong>Schl\u00fcsselw\u00f6rter auf drei Ebenen<\/strong><br>Wie immer im digitalen Marketing \u2013 insbesondere bei SEO \u2013 wird das Ganze komplexer. KI hilft auch dabei, Keywords auf drei Ebenen zu erkennen und zu priorisieren:<\/p>\n\n\n\n<ol class=\"wp-block-list\">\n<li><strong>Website<\/strong>: Auf \u00fcbergeordneter Ebene analysiert die KI die gesamte Website \u2013 in diesem Beispiel die Seite eines Tierschutzvereins \u2013 und stellt sicher, dass zentrale Begriffe wie \u201eTierschutz\u201c, \u201eTierschutzverein\u201c und \u201e\u00d6sterreich\u201c regelm\u00e4\u00dfig, aber nicht \u00fcberm\u00e4\u00dfig, auf allen Seiten eingebunden sind. Auch hier hilft die KI beim sprachlich sauberen Einbau dieser Begriffe. <\/li>\n<\/ol>\n\n\n\n<p><strong>2. Spezifische Seite<\/strong>: Die KI erkennt auf der Seite \u00fcber den B\u00e4ren relevante Suchbegriffe und Nutzerfragen und optimiert sie automatisch oder gibt Empfehlungen, welche Keywords besonders wirksam sind \u2013 etwa durch Cluster-Analysen oder semantische Netze.<\/p>\n\n\n\n<p><strong>3. Kategorie<\/strong>: Die Seite \u00fcber den B\u00e4ren geh\u00f6rt zur Kategorie Raubtiere. KI erkennt die Taxonomie der Website und empfiehlt, wichtige Begriffe der Kategorie (z.\u202fB. \u201eRaubtier\u201c, \u201eRaubtiere\u201c) auch auf der spezifischen B\u00e4renseite einzubauen, um interne SEO-Strukturen zu st\u00e4rken.<\/p>\n\n\n\n<p><strong>Was sind Long-Tail-Keywords?<\/strong><\/p>\n\n\n\n<p><strong>Long-Tail-Keywords \u2013 mit Hilfe von KI erkennen und einbauen<\/strong><br>Besonders n\u00fctzlich ist KI bei der Suche nach sogenannten Long-Tail-Keywords \u2013 also l\u00e4ngeren Phrasen oder konkreten Fragen, die oft gesucht werden. KI-gest\u00fctzte Systeme analysieren echte Suchanfragen und schlagen diese vor. Sie erkennen zum Beispiel h\u00e4ufige Fragen wie: \u201eWas frisst der B\u00e4r am liebsten?\u201c oder \u201eWelche Tiere leben mit dem B\u00e4ren im gleichen Gebiet?\u201c Diese Phrasen werden im besten Fall wortw\u00f6rtlich in den Text \u00fcbernommen, um die Suchintention optimal zu treffen.<\/p>\n\n\n\n<p>Statt \u201eDer B\u00e4r ern\u00e4hrt sich von \u2026\u201c w\u00fcrde dann KI empfehlen, die Formulierung \u201eAm liebsten frisst der B\u00e4r Fische, Beeren, Insekten und kleine S\u00e4ugetiere\u201c zu verwenden \u2013 weil diese Formulierung genau so gesucht wird. Auf Wunsch generiert die KI sogar automatisch passende FAQ-Bl\u00f6cke oder strukturierte Daten (z.\u202fB. in JSON-LD), um die Seite f\u00fcr Rich Snippets aufzubereiten.<\/p>\n\n\n\n<script type=\"application\/ld+json\">\n{\n  \"@context\": \"https:\/\/schema.org\/\",\n  \"@type\": \"Article\",\n  \"mainEntityOfPage\": {\n    \"@type\": \"WebPage\",\n    \"@id\": \"https:\/\/steiger.media\/seo-sea-aio\/keywords\/\"\n  },\n  \"headline\": \"SEO Keywords \u2013 Schl\u00fcsselw\u00f6rter\",\n  \"description\": \"Schl\u00fcsselw\u00f6rter oder Keywords sind im SEO-Kontext relevante W\u00f6rter, die strategisch in einem Webtext platziert werden, um Suchmaschinen wie Google und Bing auf den Inhalt des Textes aufmerksam zu machen.\",\n  \"image\": {\n    \"@type\": \"ImageObject\",\n    \"url\": \"\",\n    \"width\": \"\",\n    \"height\": \"\"\n  },\n  \"author\": {\n    \"@type\": \"Person\",\n    \"name\": \"Felix Richter\"\n  },\n  \"publisher\": {\n    \"@type\": \"Organization\",\n    \"name\": \"Steiger Art & Media\",\n    \"logo\": {\n      \"@type\": \"ImageObject\",\n      \"url\": \"https:\/\/steiger.media\/wp-content\/uploads\/2024\/06\/logo2-1.png\",\n      \"width\": \"512\",\n      \"height\": \"512\"\n    }\n  },\n  \"datePublished\": \"2025-06-04\"\n}\n<\/script>\n\n\n\n<script type=\"application\/ld+json\">\n{\n  \"@context\": \"https:\/\/schema.org\",\n  \"@type\": \"FAQPage\",\n  \"mainEntity\": [\n    {\n      \"@type\": \"Question\",\n      \"name\": \"Was sind SEO-Schl\u00fcsselw\u00f6rter?\",\n      \"acceptedAnswer\": {\n        \"@type\": \"Answer\",\n        \"text\": \"SEO-Schl\u00fcsselw\u00f6rter sind relevante Begriffe, die in Webtexten verwendet werden, um Suchmaschinen auf den Inhalt aufmerksam zu machen. KI hilft dabei, diese W\u00f6rter gezielt zu identifizieren, zu analysieren und sinnvoll in Texte zu integrieren.\"\n      }\n    },\n    {\n      \"@type\": \"Question\",\n      \"name\": \"Wie hilft KI bei der Keyword-Recherche?\",\n      \"acceptedAnswer\": {\n        \"@type\": \"Answer\",\n        \"text\": \"KI analysiert gro\u00dfe Datenmengen wie Suchverl\u00e4ufe, Nutzerverhalten und Wettbewerberseiten, um relevante Keywords vorzuschlagen. Sie erkennt auch semantische Zusammenh\u00e4nge und Nutzerintentionen, wodurch die Keyword-Auswahl deutlich pr\u00e4ziser wird.\"\n      }\n    },\n    {\n      \"@type\": \"Question\",\n      \"name\": \"Wie sorgt KI daf\u00fcr, dass ein Text trotz Keywords nat\u00fcrlich klingt?\",\n      \"acceptedAnswer\": {\n        \"@type\": \"Answer\",\n        \"text\": \"KI bewertet Texte hinsichtlich Lesbarkeit und Sprachfluss. Sie warnt, wenn ein Text \u00fcberoptimiert ist, und hilft dabei, Schl\u00fcsselw\u00f6rter so einzubauen, dass der Text f\u00fcr Leser:innen nat\u00fcrlich und ansprechend bleibt.\"\n      }\n    },\n    {\n      \"@type\": \"Question\",\n      \"name\": \"Was sind Long-Tail-Keywords und wie unterst\u00fctzt KI bei deren Einsatz?\",\n      \"acceptedAnswer\": {\n        \"@type\": \"Answer\",\n        \"text\": \"Long-Tail-Keywords sind l\u00e4ngere Phrasen oder h\u00e4ufige Suchfragen. KI erkennt solche Suchanfragen, schl\u00e4gt passende Formulierungen vor und unterst\u00fctzt dabei, sie m\u00f6glichst exakt in den Text zu integrieren \u2013 f\u00fcr bessere Sichtbarkeit bei Suchmaschinen.\"\n      }\n    },\n    {\n      \"@type\": \"Question\",\n      \"name\": \"Wie hilft KI bei der Keyword-Optimierung auf verschiedenen Ebenen der Website?\",\n      \"acceptedAnswer\": {\n        \"@type\": \"Answer\",\n        \"text\": \"KI erkennt die Struktur einer Website und empfiehlt passende Keywords f\u00fcr einzelne Seiten, Kategorien und die gesamte Website. Dadurch wird das interne SEO gest\u00e4rkt und ein konsistenter Keyword-Einsatz sichergestellt.\"\n      }\n    }\n  ]\n}\n<\/script>\n\n","protected":false},"excerpt":{"rendered":"<p>Schl\u00fcsselw\u00f6rter oder Keywords sind im SEO-Kontext relevante W\u00f6rter, die strategisch in einem Webtext platziert werden, um Suchmaschinen wie Google und Bing auf den Inhalt des Textes aufmerksam zu machen. Keywords sind eine Erweiterung des Titels und der Beschreibung im digitalen Marketing. Sie sind ein Beweis f\u00fcr die Suchmaschinen, dass der Titel einer Seite nicht frei [&hellip;]<\/p>\n","protected":false},"author":1,"featured_media":0,"parent":191,"menu_order":0,"comment_status":"closed","ping_status":"closed","template":"","meta":{"footnotes":""},"class_list":["post-1247","page","type-page","status-publish","hentry"],"yoast_head":"<!-- This site is optimized with the Yoast SEO plugin v27.4 - https:\/\/yoast.com\/product\/yoast-seo-wordpress\/ -->\n<title>SEO Keywords - Schl\u00fcsselw\u00f6rter - Steiger Art &amp; Media<\/title>\n<meta name=\"description\" content=\"Anwenden von Keywords f\u00fcr SEO. Schl\u00fcsselw\u00f6rter richtig im Text einsetzen. Long-Tail-Keywords und Schl\u00fcsselw\u00f6rter analysieren.\" \/>\n<meta name=\"robots\" content=\"index, follow, max-snippet:-1, max-image-preview:large, max-video-preview:-1\" \/>\n<link rel=\"canonical\" href=\"https:\/\/steiger.media\/en\/seo-sea-aio\/keywords\/\" \/>\n<meta property=\"og:locale\" content=\"en_US\" \/>\n<meta property=\"og:type\" content=\"article\" \/>\n<meta property=\"og:title\" content=\"SEO Keywords\" \/>\n<meta property=\"og:description\" content=\"Schl\u00fcsselw\u00f6rter erkl\u00e4rt\" \/>\n<meta property=\"og:url\" content=\"https:\/\/steiger.media\/en\/seo-sea-aio\/keywords\/\" \/>\n<meta property=\"og:site_name\" content=\"Steiger Art &amp; Media\" \/>\n<meta property=\"article:modified_time\" content=\"2025-06-04T12:40:53+00:00\" \/>\n<meta property=\"og:image\" content=\"https:\/\/steiger.media\/wp-content\/uploads\/2024\/08\/og-seo.webp\" \/>\n\t<meta property=\"og:image:width\" content=\"1200\" \/>\n\t<meta property=\"og:image:height\" content=\"630\" \/>\n\t<meta property=\"og:image:type\" content=\"image\/webp\" \/>\n<meta name=\"twitter:card\" content=\"summary_large_image\" \/>\n<meta name=\"twitter:label1\" content=\"Est. reading time\" \/>\n\t<meta name=\"twitter:data1\" content=\"4 minutes\" \/>\n<script type=\"application\/ld+json\" class=\"yoast-schema-graph\">{\"@context\":\"https:\\\/\\\/schema.org\",\"@graph\":[{\"@type\":\"WebPage\",\"@id\":\"https:\\\/\\\/steiger.media\\\/seo-sea-aio\\\/keywords\\\/\",\"url\":\"https:\\\/\\\/steiger.media\\\/seo-sea-aio\\\/keywords\\\/\",\"name\":\"SEO Keywords - Schl\u00fcsselw\u00f6rter - Steiger Art &amp; Media\",\"isPartOf\":{\"@id\":\"https:\\\/\\\/steiger.media\\\/#website\"},\"datePublished\":\"2024-08-23T08:48:50+00:00\",\"dateModified\":\"2025-06-04T12:40:53+00:00\",\"description\":\"Anwenden von Keywords f\u00fcr SEO. Schl\u00fcsselw\u00f6rter richtig im Text einsetzen. Long-Tail-Keywords und Schl\u00fcsselw\u00f6rter analysieren.\",\"breadcrumb\":{\"@id\":\"https:\\\/\\\/steiger.media\\\/seo-sea-aio\\\/keywords\\\/#breadcrumb\"},\"inLanguage\":\"en-US\",\"potentialAction\":[{\"@type\":\"ReadAction\",\"target\":[\"https:\\\/\\\/steiger.media\\\/seo-sea-aio\\\/keywords\\\/\"]}]},{\"@type\":\"BreadcrumbList\",\"@id\":\"https:\\\/\\\/steiger.media\\\/seo-sea-aio\\\/keywords\\\/#breadcrumb\",\"itemListElement\":[{\"@type\":\"ListItem\",\"position\":1,\"name\":\"Home\",\"item\":\"https:\\\/\\\/steiger.media\\\/\"},{\"@type\":\"ListItem\",\"position\":2,\"name\":\"GEO &amp; SEO mit KI\",\"item\":\"https:\\\/\\\/steiger.media\\\/seo-sea-aio\\\/\"},{\"@type\":\"ListItem\",\"position\":3,\"name\":\"SEO Keywords &#8211; Schl\u00fcsselw\u00f6rter\"}]},{\"@type\":\"WebSite\",\"@id\":\"https:\\\/\\\/steiger.media\\\/#website\",\"url\":\"https:\\\/\\\/steiger.media\\\/\",\"name\":\"Steiger Art & Media\",\"description\":\"\",\"publisher\":{\"@id\":\"https:\\\/\\\/steiger.media\\\/#organization\"},\"potentialAction\":[{\"@type\":\"SearchAction\",\"target\":{\"@type\":\"EntryPoint\",\"urlTemplate\":\"https:\\\/\\\/steiger.media\\\/?s={search_term_string}\"},\"query-input\":{\"@type\":\"PropertyValueSpecification\",\"valueRequired\":true,\"valueName\":\"search_term_string\"}}],\"inLanguage\":\"en-US\"},{\"@type\":\"Organization\",\"@id\":\"https:\\\/\\\/steiger.media\\\/#organization\",\"name\":\"Steiger Art & Media\",\"url\":\"https:\\\/\\\/steiger.media\\\/\",\"logo\":{\"@type\":\"ImageObject\",\"inLanguage\":\"en-US\",\"@id\":\"https:\\\/\\\/steiger.media\\\/#\\\/schema\\\/logo\\\/image\\\/\",\"url\":\"https:\\\/\\\/steiger.media\\\/wp-content\\\/uploads\\\/2024\\\/06\\\/cropped-logo4.png\",\"contentUrl\":\"https:\\\/\\\/steiger.media\\\/wp-content\\\/uploads\\\/2024\\\/06\\\/cropped-logo4.png\",\"width\":173,\"height\":65,\"caption\":\"Steiger Art & Media\"},\"image\":{\"@id\":\"https:\\\/\\\/steiger.media\\\/#\\\/schema\\\/logo\\\/image\\\/\"}}]}<\/script>\n<!-- \/ Yoast SEO plugin. -->","yoast_head_json":{"title":"SEO Keywords - Steiger Art &amp; Media","description":"Applying keywords for SEO. Using keywords correctly in text. Analyzing long-tail keywords and keywords.","robots":{"index":"index","follow":"follow","max-snippet":"max-snippet:-1","max-image-preview":"max-image-preview:large","max-video-preview":"max-video-preview:-1"},"canonical":"https:\/\/steiger.media\/en\/seo-sea-aio\/keywords\/","og_locale":"en_US","og_type":"article","og_title":"SEO Keywords","og_description":"Schl\u00fcsselw\u00f6rter erkl\u00e4rt","og_url":"https:\/\/steiger.media\/en\/seo-sea-aio\/keywords\/","og_site_name":"Steiger Art &amp; Media","article_modified_time":"2025-06-04T12:40:53+00:00","og_image":[{"width":1200,"height":630,"url":"https:\/\/steiger.media\/wp-content\/uploads\/2024\/08\/og-seo.webp","type":"image\/webp"}],"twitter_card":"summary_large_image","twitter_misc":{"Est. reading time":"4 minutes"},"schema":{"@context":"https:\/\/schema.org","@graph":[{"@type":"WebPage","@id":"https:\/\/steiger.media\/seo-sea-aio\/keywords\/","url":"https:\/\/steiger.media\/seo-sea-aio\/keywords\/","name":"SEO Keywords - Steiger Art &amp; Media","isPartOf":{"@id":"https:\/\/steiger.media\/#website"},"datePublished":"2024-08-23T08:48:50+00:00","dateModified":"2025-06-04T12:40:53+00:00","description":"Applying keywords for SEO. Using keywords correctly in text. Analyzing long-tail keywords and keywords.","breadcrumb":{"@id":"https:\/\/steiger.media\/seo-sea-aio\/keywords\/#breadcrumb"},"inLanguage":"en-US","potentialAction":[{"@type":"ReadAction","target":["https:\/\/steiger.media\/seo-sea-aio\/keywords\/"]}]},{"@type":"BreadcrumbList","@id":"https:\/\/steiger.media\/seo-sea-aio\/keywords\/#breadcrumb","itemListElement":[{"@type":"ListItem","position":1,"name":"Home","item":"https:\/\/steiger.media\/"},{"@type":"ListItem","position":2,"name":"GEO &amp; SEO mit KI","item":"https:\/\/steiger.media\/seo-sea-aio\/"},{"@type":"ListItem","position":3,"name":"SEO Keywords &#8211; Schl\u00fcsselw\u00f6rter"}]},{"@type":"WebSite","@id":"https:\/\/steiger.media\/#website","url":"https:\/\/steiger.media\/","name":"Steiger Art &amp; Media","description":"","publisher":{"@id":"https:\/\/steiger.media\/#organization"},"potentialAction":[{"@type":"SearchAction","target":{"@type":"EntryPoint","urlTemplate":"https:\/\/steiger.media\/?s={search_term_string}"},"query-input":{"@type":"PropertyValueSpecification","valueRequired":true,"valueName":"search_term_string"}}],"inLanguage":"en-US"},{"@type":"Organization","@id":"https:\/\/steiger.media\/#organization","name":"Steiger Art &amp; Media","url":"https:\/\/steiger.media\/","logo":{"@type":"ImageObject","inLanguage":"en-US","@id":"https:\/\/steiger.media\/#\/schema\/logo\/image\/","url":"https:\/\/steiger.media\/wp-content\/uploads\/2024\/06\/cropped-logo4.png","contentUrl":"https:\/\/steiger.media\/wp-content\/uploads\/2024\/06\/cropped-logo4.png","width":173,"height":65,"caption":"Steiger Art & Media"},"image":{"@id":"https:\/\/steiger.media\/#\/schema\/logo\/image\/"}}]}},"_links":{"self":[{"href":"https:\/\/steiger.media\/en\/wp-json\/wp\/v2\/pages\/1247","targetHints":{"allow":["GET"]}}],"collection":[{"href":"https:\/\/steiger.media\/en\/wp-json\/wp\/v2\/pages"}],"about":[{"href":"https:\/\/steiger.media\/en\/wp-json\/wp\/v2\/types\/page"}],"author":[{"embeddable":true,"href":"https:\/\/steiger.media\/en\/wp-json\/wp\/v2\/users\/1"}],"replies":[{"embeddable":true,"href":"https:\/\/steiger.media\/en\/wp-json\/wp\/v2\/comments?post=1247"}],"version-history":[{"count":4,"href":"https:\/\/steiger.media\/en\/wp-json\/wp\/v2\/pages\/1247\/revisions"}],"predecessor-version":[{"id":1830,"href":"https:\/\/steiger.media\/en\/wp-json\/wp\/v2\/pages\/1247\/revisions\/1830"}],"up":[{"embeddable":true,"href":"https:\/\/steiger.media\/en\/wp-json\/wp\/v2\/pages\/191"}],"wp:attachment":[{"href":"https:\/\/steiger.media\/en\/wp-json\/wp\/v2\/media?parent=1247"}],"curies":[{"name":"wp","href":"https:\/\/api.w.org\/{rel}","templated":true}]}}