{"id":1270,"date":"2024-08-24T19:29:13","date_gmt":"2024-08-24T19:29:13","guid":{"rendered":"https:\/\/steiger.media\/?page_id=1270"},"modified":"2024-08-24T19:42:35","modified_gmt":"2024-08-24T19:42:35","slug":"interne-links","status":"publish","type":"page","link":"https:\/\/steiger.media\/en\/seo-sea-aio\/interne-links\/","title":{"rendered":"SEO Internal Linking"},"content":{"rendered":"\n<p>Im digitalen Marketing haben interne Links eine wichtige SEO-Funktion. Die interne Verlinkung zeigt die Wichtigkeit einzelner Seiten einer Website. Visuell kann man sich diese Struktur wie eine Pyramide vorstellen: Oben an der Spitze befindet sich die allgemeine Adresse der Website deine-domain.com. Ganz unten befinden sich die am weitesten entfernten Unterseiten der Website. In einer Standardkonfiguration ist jede Unterseite nicht nur mit der direkt \u00fcbergeordneten Seite verlinkt, sondern auch mit allen \u00fcbergeordneten Seiten. Dadurch erh\u00e4lt die oberste Seite (deine-domain.com) die meisten Links und wird von Google als wichtigste Seite in der Struktur eingestuft (siehe Abbildung weiter unten).<br><br>Das Standardlayout einer Website f\u00fcr die mobile Navigation (die Indexierung von Google erfolgt mobil) zeigt das Firmenlogo oben links und ein Hamburger Men\u00fc oben rechts. Das Logo ist in der Regel mit der Hauptseite (deine-domain.com) verlinkt. Im Men\u00fc wiederholt sich der Link zur Hauptseite in der Regel unter der Bezeichnung \u201eHome\u201c und hebt die wichtigsten Kategorien der Seite hervor, z.B. \u201e\u00dcber uns\u201c, \u201eKontakt\u201c und \u201eProdukte\u201c. Jede Kategorie kann mehrere Unterkategorien haben, die aber nicht unbedingt im Men\u00fc erscheinen m\u00fcssen. Die Hauptseite deine-domain.com erh\u00e4lt also doppelt so viele Links wie die anderen Hauptmen\u00fcpunkte, da es einen Link im Men\u00fc + einen Link beim Logo gibt. Die Link-Pyramide sieht also wie folgt aus:<\/p>\n\n\n\n<figure class=\"wp-block-image size-full is-style-twentytwentyone-border\"><img fetchpriority=\"high\" decoding=\"async\" width=\"800\" height=\"423\" loading=\"lazy\" src=\"https:\/\/steiger.media\/wp-content\/uploads\/2024\/08\/seo-linksb.webp\" alt=\"\" class=\"wp-image-1277\" srcset=\"https:\/\/steiger.media\/wp-content\/uploads\/2024\/08\/seo-linksb.webp 800w, https:\/\/steiger.media\/wp-content\/uploads\/2024\/08\/seo-linksb-300x159.webp 300w, https:\/\/steiger.media\/wp-content\/uploads\/2024\/08\/seo-linksb-768x406.webp 768w, https:\/\/steiger.media\/wp-content\/uploads\/2024\/08\/seo-linksb-18x10.webp 18w\" sizes=\"(max-width: 800px) 100vw, 800px\" \/><\/figure>\n\n\n\n<p>Jede der unteren Seiten verweist auf die Seiten direkt dar\u00fcber, aber auch auf alle Seiten weiter oben. Die Seite \u201eTeam\u201c h\u00e4ngt an \u201e\u00fcber-uns\u201c, hat aber aufgrund der Men\u00fcstruktur Links zu \u00fcber-uns, Produkte, Kontakt und (zweimal &#8211; Hauptmen\u00fc &amp; Logo) zu deine-domain.com. In diesem Beispiel erh\u00e4lt die Unterseite \u201eTeam\u201c in der Struktur nur einen Link (von \u201e\u00fcber-uns\u201c), w\u00e4hrend die Seite \u201e\u00fcber-uns\u201c neun Links erh\u00e4lt, und zwar einen von jeder bestehenden Seite, d.h. deine-domain.com, Produkte, Kontakt, Team, Geschichte, Produkt-1, Produkt-2 und zus\u00e4tzlich jeweils einen doppelten Link von \u201eTeam\u201c und \u201eGeschichte\u201c. Die Seite &#8222;Kontakt&#8220; erh\u00e4lt nur sieben Links, da sie keine Unterseiten hat und somit die doppelten Links wegfallen. In der internen Linkstruktur ist also \u201e\u00dcber uns\u201c wichtiger als \u201eKontakt\u201c. Die Seite deine-domain.com erh\u00e4lt 14 Links, da sie sowohl \u00fcber das Men\u00fc als auch \u00fcber das Logo auf jeder Seite (also doppelt) einen Link erh\u00e4lt.<\/p>\n\n\n\n<p>Diese Linkstruktur ist im digitalen Marketing f\u00fcr SEO wichtig, da Suchmaschinen wie Google und Bing Seiten mit mehr internen Links als \u201ewichtiger\u201c einstufen als Seiten mit weniger internen Links. So ist die Seite \u201e\u00fcber uns\u201c (neun interne Links) wichtiger als die Seite \u201eKontakt\u201c (sieben interne Links). Will man nun die Seite &#8222;Kontakt&#8220; zu einer der wichtigsten Seiten der Website machen, kann man auf jeder Men\u00fc- und Unterseite einen zus\u00e4tzlichen Link zu &#8222;Kontakt&#8220; einf\u00fcgen.<\/p>\n\n\n\n<p>An dieser Stelle ist es wichtig anzumerken, dass die interne Verlinkungsstruktur bei Google in der Vergangenheit eine h\u00f6here Relevanz hatte als heute. Aus eigener Erfahrung bei der SEO-Optimierung zahlreicher Websites bin ich zu dem Schluss gekommen, dass andere Faktoren wie z.B. die Verweildauer (Dwell-Time) relevanter sind als die interne Verlinkung. Eine Seite, die bei den Nutzer:innen gut ankommt, wo die Nutzer:innen also genau das finden, wonach sie gegoogelt haben, wird von Google im Vergleich zu unpr\u00e4zisen Seiten hervorgehoben, ohne dass die interne Verlinkung einen gro\u00dfen Einfluss hat.<\/p>\n\n\n\n<p>Autor: Felix C. Richter, 24.08.2024.<\/p>\n\n\n\n<script type=\"application\/ld+json\">\n{\n  \"@context\": \"https:\/\/schema.org\/\",\n  \"@type\": \"Article\",\n  \"mainEntityOfPage\": {\n    \"@type\": \"WebPage\",\n    \"@id\": \"https:\/\/steiger.media\/seo-sea-aio\/interne-links\/\"\n  },\n  \"headline\": \"SEO Interne Verlinkung\",\n  \"description\": \"Im digitalen Marketing haben interne Links eine wichtige SEO-Funktion. Die interne Verlinkung zeigt die Wichtigkeit einzelner Seiten einer Website.\",\n  \"image\": {\n    \"@type\": \"ImageObject\",\n    \"url\": \"\",\n    \"width\": \"\",\n    \"height\": \"\"\n  },\n  \"author\": {\n    \"@type\": \"Person\",\n    \"name\": \"Felix C. Richter\"\n  },\n  \"publisher\": {\n    \"@type\": \"Organization\",\n    \"name\": \"Steiger Art & Media\",\n    \"logo\": {\n      \"@type\": \"ImageObject\",\n      \"url\": \"https:\/\/steiger.media\/wp-content\/uploads\/2024\/06\/logo2-1.png\",\n      \"width\": \"512\",\n      \"height\": \"512\"\n    }\n  },\n  \"datePublished\": \"2024-08-24\"\n}\n<\/script>\n\n\n\n<script type=\"application\/ld+json\">\n{\n  \"@context\": \"https:\/\/schema.org\",\n  \"@type\": \"FAQPage\",\n  \"mainEntity\": [{\n    \"@type\": \"Question\",\n    \"name\": \"Was bedeutet interne Verlinkung SEO?\",\n    \"acceptedAnswer\": {\n      \"@type\": \"Answer\",\n      \"text\": \"Im digitalen Marketing haben interne Links eine wichtige SEO-Funktion. Die interne Verlinkung zeigt die Wichtigkeit einzelner Seiten einer Website.\"\n    }\n  },{\n    \"@type\": \"Question\",\n    \"name\": \"Ist interne Verlinkung bei SEO sehr wichtig?\",\n    \"acceptedAnswer\": {\n      \"@type\": \"Answer\",\n      \"text\": \"Sie ist wichtig, aber andere Faktoren wie z.B. die Verweildauer (Dwell-Time) sind relevanter als die interne Verlinkung.\"\n    }\n  }]\n}\n<\/script>\n\n\n\n<p><br><\/p>\n","protected":false},"excerpt":{"rendered":"<p>Im digitalen Marketing haben interne Links eine wichtige SEO-Funktion. Die interne Verlinkung zeigt die Wichtigkeit einzelner Seiten einer Website. Visuell kann man sich diese Struktur wie eine Pyramide vorstellen: Oben an der Spitze befindet sich die allgemeine Adresse der Website deine-domain.com. Ganz unten befinden sich die am weitesten entfernten Unterseiten der Website. In einer Standardkonfiguration [&hellip;]<\/p>\n","protected":false},"author":1,"featured_media":0,"parent":191,"menu_order":0,"comment_status":"closed","ping_status":"closed","template":"","meta":{"footnotes":""},"class_list":["post-1270","page","type-page","status-publish","hentry"],"yoast_head":"<!-- This site is optimized with the Yoast SEO plugin v27.4 - https:\/\/yoast.com\/product\/yoast-seo-wordpress\/ -->\n<title>Interne Verlinkung SEO - digitales Marketing<\/title>\n<meta name=\"description\" content=\"Im digitalen Marketing haben interne Links eine wichtige SEO-Funktion. Die interne Verlinkung zeigt die Wichtigkeit einzelner Seiten.\" \/>\n<meta name=\"robots\" content=\"index, follow, max-snippet:-1, max-image-preview:large, max-video-preview:-1\" \/>\n<link rel=\"canonical\" href=\"https:\/\/steiger.media\/en\/seo-sea-aio\/interne-links\/\" \/>\n<meta property=\"og:locale\" content=\"en_US\" \/>\n<meta property=\"og:type\" content=\"article\" \/>\n<meta property=\"og:title\" content=\"SEO: Interne Verlinkung\" \/>\n<meta property=\"og:description\" content=\"digitales Marketing\" \/>\n<meta property=\"og:url\" content=\"https:\/\/steiger.media\/en\/seo-sea-aio\/interne-links\/\" \/>\n<meta property=\"og:site_name\" content=\"Steiger Art &amp; Media\" \/>\n<meta property=\"article:modified_time\" content=\"2024-08-24T19:42:35+00:00\" \/>\n<meta property=\"og:image\" content=\"https:\/\/steiger.media\/wp-content\/uploads\/2024\/08\/og-seo.webp\" \/>\n\t<meta property=\"og:image:width\" content=\"1200\" \/>\n\t<meta property=\"og:image:height\" content=\"630\" \/>\n\t<meta property=\"og:image:type\" content=\"image\/webp\" \/>\n<meta name=\"twitter:card\" content=\"summary_large_image\" \/>\n<meta name=\"twitter:label1\" content=\"Est. reading time\" \/>\n\t<meta name=\"twitter:data1\" content=\"4 minutes\" \/>\n<script type=\"application\/ld+json\" class=\"yoast-schema-graph\">{\"@context\":\"https:\\\/\\\/schema.org\",\"@graph\":[{\"@type\":\"WebPage\",\"@id\":\"https:\\\/\\\/steiger.media\\\/seo-sea-aio\\\/interne-links\\\/\",\"url\":\"https:\\\/\\\/steiger.media\\\/seo-sea-aio\\\/interne-links\\\/\",\"name\":\"Interne Verlinkung SEO - digitales Marketing\",\"isPartOf\":{\"@id\":\"https:\\\/\\\/steiger.media\\\/#website\"},\"primaryImageOfPage\":{\"@id\":\"https:\\\/\\\/steiger.media\\\/seo-sea-aio\\\/interne-links\\\/#primaryimage\"},\"image\":{\"@id\":\"https:\\\/\\\/steiger.media\\\/seo-sea-aio\\\/interne-links\\\/#primaryimage\"},\"thumbnailUrl\":\"https:\\\/\\\/steiger.media\\\/wp-content\\\/uploads\\\/2024\\\/08\\\/seo-linksb.webp\",\"datePublished\":\"2024-08-24T19:29:13+00:00\",\"dateModified\":\"2024-08-24T19:42:35+00:00\",\"description\":\"Im digitalen Marketing haben interne Links eine wichtige SEO-Funktion. Die interne Verlinkung zeigt die Wichtigkeit einzelner Seiten.\",\"breadcrumb\":{\"@id\":\"https:\\\/\\\/steiger.media\\\/seo-sea-aio\\\/interne-links\\\/#breadcrumb\"},\"inLanguage\":\"en-US\",\"potentialAction\":[{\"@type\":\"ReadAction\",\"target\":[\"https:\\\/\\\/steiger.media\\\/seo-sea-aio\\\/interne-links\\\/\"]}]},{\"@type\":\"ImageObject\",\"inLanguage\":\"en-US\",\"@id\":\"https:\\\/\\\/steiger.media\\\/seo-sea-aio\\\/interne-links\\\/#primaryimage\",\"url\":\"https:\\\/\\\/steiger.media\\\/wp-content\\\/uploads\\\/2024\\\/08\\\/seo-linksb.webp\",\"contentUrl\":\"https:\\\/\\\/steiger.media\\\/wp-content\\\/uploads\\\/2024\\\/08\\\/seo-linksb.webp\"},{\"@type\":\"BreadcrumbList\",\"@id\":\"https:\\\/\\\/steiger.media\\\/seo-sea-aio\\\/interne-links\\\/#breadcrumb\",\"itemListElement\":[{\"@type\":\"ListItem\",\"position\":1,\"name\":\"Home\",\"item\":\"https:\\\/\\\/steiger.media\\\/\"},{\"@type\":\"ListItem\",\"position\":2,\"name\":\"GEO &amp; SEO mit KI\",\"item\":\"https:\\\/\\\/steiger.media\\\/seo-sea-aio\\\/\"},{\"@type\":\"ListItem\",\"position\":3,\"name\":\"SEO Interne Verlinkung\"}]},{\"@type\":\"WebSite\",\"@id\":\"https:\\\/\\\/steiger.media\\\/#website\",\"url\":\"https:\\\/\\\/steiger.media\\\/\",\"name\":\"Steiger Art & Media\",\"description\":\"\",\"publisher\":{\"@id\":\"https:\\\/\\\/steiger.media\\\/#organization\"},\"potentialAction\":[{\"@type\":\"SearchAction\",\"target\":{\"@type\":\"EntryPoint\",\"urlTemplate\":\"https:\\\/\\\/steiger.media\\\/?s={search_term_string}\"},\"query-input\":{\"@type\":\"PropertyValueSpecification\",\"valueRequired\":true,\"valueName\":\"search_term_string\"}}],\"inLanguage\":\"en-US\"},{\"@type\":\"Organization\",\"@id\":\"https:\\\/\\\/steiger.media\\\/#organization\",\"name\":\"Steiger Art & Media\",\"url\":\"https:\\\/\\\/steiger.media\\\/\",\"logo\":{\"@type\":\"ImageObject\",\"inLanguage\":\"en-US\",\"@id\":\"https:\\\/\\\/steiger.media\\\/#\\\/schema\\\/logo\\\/image\\\/\",\"url\":\"https:\\\/\\\/steiger.media\\\/wp-content\\\/uploads\\\/2024\\\/06\\\/cropped-logo4.png\",\"contentUrl\":\"https:\\\/\\\/steiger.media\\\/wp-content\\\/uploads\\\/2024\\\/06\\\/cropped-logo4.png\",\"width\":173,\"height\":65,\"caption\":\"Steiger Art & Media\"},\"image\":{\"@id\":\"https:\\\/\\\/steiger.media\\\/#\\\/schema\\\/logo\\\/image\\\/\"}}]}<\/script>\n<!-- \/ Yoast SEO plugin. -->","yoast_head_json":{"title":"Internal linking SEO - digital marketing","description":"In digital marketing, internal links have an important SEO function. Internal linking demonstrates the importance of individual pages.","robots":{"index":"index","follow":"follow","max-snippet":"max-snippet:-1","max-image-preview":"max-image-preview:large","max-video-preview":"max-video-preview:-1"},"canonical":"https:\/\/steiger.media\/en\/seo-sea-aio\/interne-links\/","og_locale":"en_US","og_type":"article","og_title":"SEO: Interne Verlinkung","og_description":"digitales Marketing","og_url":"https:\/\/steiger.media\/en\/seo-sea-aio\/interne-links\/","og_site_name":"Steiger Art &amp; Media","article_modified_time":"2024-08-24T19:42:35+00:00","og_image":[{"width":1200,"height":630,"url":"https:\/\/steiger.media\/wp-content\/uploads\/2024\/08\/og-seo.webp","type":"image\/webp"}],"twitter_card":"summary_large_image","twitter_misc":{"Est. reading time":"4 minutes"},"schema":{"@context":"https:\/\/schema.org","@graph":[{"@type":"WebPage","@id":"https:\/\/steiger.media\/seo-sea-aio\/interne-links\/","url":"https:\/\/steiger.media\/seo-sea-aio\/interne-links\/","name":"Internal linking SEO - digital marketing","isPartOf":{"@id":"https:\/\/steiger.media\/#website"},"primaryImageOfPage":{"@id":"https:\/\/steiger.media\/seo-sea-aio\/interne-links\/#primaryimage"},"image":{"@id":"https:\/\/steiger.media\/seo-sea-aio\/interne-links\/#primaryimage"},"thumbnailUrl":"https:\/\/steiger.media\/wp-content\/uploads\/2024\/08\/seo-linksb.webp","datePublished":"2024-08-24T19:29:13+00:00","dateModified":"2024-08-24T19:42:35+00:00","description":"In digital marketing, internal links have an important SEO function. Internal linking demonstrates the importance of individual pages.","breadcrumb":{"@id":"https:\/\/steiger.media\/seo-sea-aio\/interne-links\/#breadcrumb"},"inLanguage":"en-US","potentialAction":[{"@type":"ReadAction","target":["https:\/\/steiger.media\/seo-sea-aio\/interne-links\/"]}]},{"@type":"ImageObject","inLanguage":"en-US","@id":"https:\/\/steiger.media\/seo-sea-aio\/interne-links\/#primaryimage","url":"https:\/\/steiger.media\/wp-content\/uploads\/2024\/08\/seo-linksb.webp","contentUrl":"https:\/\/steiger.media\/wp-content\/uploads\/2024\/08\/seo-linksb.webp"},{"@type":"BreadcrumbList","@id":"https:\/\/steiger.media\/seo-sea-aio\/interne-links\/#breadcrumb","itemListElement":[{"@type":"ListItem","position":1,"name":"Home","item":"https:\/\/steiger.media\/"},{"@type":"ListItem","position":2,"name":"GEO &amp; SEO mit KI","item":"https:\/\/steiger.media\/seo-sea-aio\/"},{"@type":"ListItem","position":3,"name":"SEO Interne Verlinkung"}]},{"@type":"WebSite","@id":"https:\/\/steiger.media\/#website","url":"https:\/\/steiger.media\/","name":"Steiger Art &amp; Media","description":"","publisher":{"@id":"https:\/\/steiger.media\/#organization"},"potentialAction":[{"@type":"SearchAction","target":{"@type":"EntryPoint","urlTemplate":"https:\/\/steiger.media\/?s={search_term_string}"},"query-input":{"@type":"PropertyValueSpecification","valueRequired":true,"valueName":"search_term_string"}}],"inLanguage":"en-US"},{"@type":"Organization","@id":"https:\/\/steiger.media\/#organization","name":"Steiger Art &amp; Media","url":"https:\/\/steiger.media\/","logo":{"@type":"ImageObject","inLanguage":"en-US","@id":"https:\/\/steiger.media\/#\/schema\/logo\/image\/","url":"https:\/\/steiger.media\/wp-content\/uploads\/2024\/06\/cropped-logo4.png","contentUrl":"https:\/\/steiger.media\/wp-content\/uploads\/2024\/06\/cropped-logo4.png","width":173,"height":65,"caption":"Steiger Art & Media"},"image":{"@id":"https:\/\/steiger.media\/#\/schema\/logo\/image\/"}}]}},"_links":{"self":[{"href":"https:\/\/steiger.media\/en\/wp-json\/wp\/v2\/pages\/1270","targetHints":{"allow":["GET"]}}],"collection":[{"href":"https:\/\/steiger.media\/en\/wp-json\/wp\/v2\/pages"}],"about":[{"href":"https:\/\/steiger.media\/en\/wp-json\/wp\/v2\/types\/page"}],"author":[{"embeddable":true,"href":"https:\/\/steiger.media\/en\/wp-json\/wp\/v2\/users\/1"}],"replies":[{"embeddable":true,"href":"https:\/\/steiger.media\/en\/wp-json\/wp\/v2\/comments?post=1270"}],"version-history":[{"count":4,"href":"https:\/\/steiger.media\/en\/wp-json\/wp\/v2\/pages\/1270\/revisions"}],"predecessor-version":[{"id":1278,"href":"https:\/\/steiger.media\/en\/wp-json\/wp\/v2\/pages\/1270\/revisions\/1278"}],"up":[{"embeddable":true,"href":"https:\/\/steiger.media\/en\/wp-json\/wp\/v2\/pages\/191"}],"wp:attachment":[{"href":"https:\/\/steiger.media\/en\/wp-json\/wp\/v2\/media?parent=1270"}],"curies":[{"name":"wp","href":"https:\/\/api.w.org\/{rel}","templated":true}]}}